{"id":31829,"date":"2023-07-26T14:24:03","date_gmt":"2023-07-26T11:24:03","guid":{"rendered":"https:\/\/berkinengineering.com\/?page_id=31829"},"modified":"2023-12-13T11:01:43","modified_gmt":"2023-12-13T08:01:43","slug":"jb-4","status":"publish","type":"page","link":"https:\/\/berkinengineering.com\/en\/sp-telefon-sistemleri\/jb-4\/","title":{"rendered":"JB-4"},"content":{"rendered":"<div data-elementor-type=\"wp-page\" data-elementor-id=\"31829\" class=\"elementor elementor-31829\">\n\t\t\t\t\t\t<div class=\"elementor-inner\">\n\t\t\t\t<div class=\"elementor-section-wrap\">\n\t\t\t\t\t\t\t\t\t<section class=\"elementor-section elementor-top-section elementor-element elementor-element-8cf13bb elementor-section-full_width elementor-section-height-default elementor-section-height-default\" data-id=\"8cf13bb\" data-element_type=\"section\" data-settings=\"{&quot;background_background&quot;:&quot;classic&quot;,&quot;thegem_parallax_activate&quot;:&quot;yes&quot;,&quot;thegem_parallax_type&quot;:&quot;vertical&quot;}\">\n\t\t\t\t\t\t<div class=\"elementor-container elementor-column-gap-thegem\">\n\t\t\t\t\t\t\t<div class=\"elementor-row\">\n\t\t\t\t\t<div class=\"elementor-column elementor-col-50 elementor-top-column elementor-element elementor-element-22e3b10\" data-id=\"22e3b10\" data-element_type=\"column\">\n\t\t\t<div class=\"elementor-column-wrap elementor-element-populated\">\n\t\t\t\t\t\t\t<div class=\"elementor-widget-wrap\">\n\t\t\t\t\t\t<div class=\"elementor-element elementor-element-d25bd2f elementor-hidden-phone elementor-hidden-tablet flex-horizontal-align-default flex-horizontal-align-tablet-default flex-horizontal-align-mobile-default flex-vertical-align-default flex-vertical-align-tablet-default flex-vertical-align-mobile-default elementor-widget elementor-widget-heading\" data-id=\"d25bd2f\" data-element_type=\"widget\" data-widget_type=\"heading.default\">\n\t\t\t\t<div class=\"elementor-widget-container\">\n\t\t\t<h1 class=\"elementor-heading-title elementor-size-xxl\">JB-4<\/h1>\t\t<\/div>\n\t\t\t\t<\/div>\n\t\t\t\t<div class=\"elementor-element elementor-element-6d388d3 elementor-hidden-desktop flex-horizontal-align-default flex-horizontal-align-tablet-default flex-horizontal-align-mobile-default flex-vertical-align-default flex-vertical-align-tablet-default flex-vertical-align-mobile-default elementor-widget elementor-widget-heading\" data-id=\"6d388d3\" data-element_type=\"widget\" data-widget_type=\"heading.default\">\n\t\t\t\t<div class=\"elementor-widget-container\">\n\t\t\t<h1 class=\"elementor-heading-title elementor-size-xl\">JB-4<\/h1>\t\t<\/div>\n\t\t\t\t<\/div>\n\t\t\t\t<div class=\"elementor-element elementor-element-8416127 elementor-hidden-desktop elementor-hidden-tablet flex-horizontal-align-default flex-horizontal-align-tablet-default flex-horizontal-align-mobile-default flex-vertical-align-default flex-vertical-align-tablet-default flex-vertical-align-mobile-default elementor-widget elementor-widget-image\" data-id=\"8416127\" data-element_type=\"widget\" data-widget_type=\"image.default\">\n\t\t\t\t<div class=\"elementor-widget-container\">\n\t\t\t\t\t\t\t\t<div class=\"elementor-image\">\n\t\t\t\t\t\t\t\t\t\t\t\t<img decoding=\"async\" width=\"1000\" height=\"1000\" src=\"https:\/\/berkinengineering.com\/wp-content\/uploads\/2023\/12\/JACK-4.png\" class=\"attachment-full size-full wp-image-34661\" alt=\"\" srcset=\"https:\/\/berkinengineering.com\/wp-content\/uploads\/2023\/12\/JACK-4.png 1000w, https:\/\/berkinengineering.com\/wp-content\/uploads\/2023\/12\/JACK-4-300x300.png 300w, https:\/\/berkinengineering.com\/wp-content\/uploads\/2023\/12\/JACK-4-150x150.png 150w, https:\/\/berkinengineering.com\/wp-content\/uploads\/2023\/12\/JACK-4-768x768.png 768w, https:\/\/berkinengineering.com\/wp-content\/uploads\/2023\/12\/JACK-4-12x12.png 12w, https:\/\/berkinengineering.com\/wp-content\/uploads\/2023\/12\/JACK-4-256x256.png 256w\" sizes=\"(max-width: 1000px) 100vw, 1000px\" \/>\t\t\t\t\t\t\t\t\t\t\t\t\t\t<\/div>\n\t\t\t\t\t\t<\/div>\n\t\t\t\t<\/div>\n\t\t\t\t<div class=\"elementor-element elementor-element-19e493e elementor-hidden-desktop elementor-hidden-tablet flex-horizontal-align-default flex-horizontal-align-tablet-default flex-horizontal-align-mobile-default flex-vertical-align-default flex-vertical-align-tablet-default flex-vertical-align-mobile-default elementor-widget elementor-widget-image\" data-id=\"19e493e\" data-element_type=\"widget\" data-widget_type=\"image.default\">\n\t\t\t\t<div class=\"elementor-widget-container\">\n\t\t\t\t\t\t\t\t<div class=\"elementor-image\">\n\t\t\t\t\t\t\t\t\t\t\t\t<img decoding=\"async\" width=\"4025\" height=\"677\" src=\"https:\/\/berkinengineering.com\/wp-content\/uploads\/2021\/06\/Berkin_Amblem.png\" class=\"attachment-full size-full wp-image-26338\" alt=\"\" srcset=\"https:\/\/berkinengineering.com\/wp-content\/uploads\/2021\/06\/Berkin_Amblem.png 4025w, https:\/\/berkinengineering.com\/wp-content\/uploads\/2021\/06\/Berkin_Amblem-300x50.png 300w, https:\/\/berkinengineering.com\/wp-content\/uploads\/2021\/06\/Berkin_Amblem-1024x172.png 1024w, https:\/\/berkinengineering.com\/wp-content\/uploads\/2021\/06\/Berkin_Amblem-768x129.png 768w, https:\/\/berkinengineering.com\/wp-content\/uploads\/2021\/06\/Berkin_Amblem-1536x258.png 1536w, https:\/\/berkinengineering.com\/wp-content\/uploads\/2021\/06\/Berkin_Amblem-2048x344.png 2048w\" sizes=\"(max-width: 4025px) 100vw, 4025px\" \/>\t\t\t\t\t\t\t\t\t\t\t\t\t\t<\/div>\n\t\t\t\t\t\t<\/div>\n\t\t\t\t<\/div>\n\t\t\t\t<div class=\"elementor-element elementor-element-190f6d0 flex-horizontal-align-default flex-horizontal-align-tablet-default flex-horizontal-align-mobile-default flex-vertical-align-default flex-vertical-align-tablet-default flex-vertical-align-mobile-default elementor-widget elementor-widget-text-editor\" data-id=\"190f6d0\" data-element_type=\"widget\" data-widget_type=\"text-editor.default\">\n\t\t\t\t<div class=\"elementor-widget-container\">\n\t\t\t\t\t\t\t\t<div class=\"elementor-text-editor elementor-clearfix\">\n\t\t\t\t<p>SP TELEPHONE SYSTEMS<\/p><p>The energy required to communicate comes only from the sound of the user. Acoustic energy is converted into electricity and then from electrical to acoustic. All of our voice-operated phones are made of polymer alloy which provides excellent chemical resistance,  high impact resistance, non-flammability and stability to ultraviolet light. Such telephones are used in situations where security is critical in communication, such as in combat systems on military ships. Our sound-powered telephone systems are MIL-STD compliant.<\/p>\t\t\t\t\t<\/div>\n\t\t\t\t\t\t<\/div>\n\t\t\t\t<\/div>\n\t\t\t\t\t\t<\/div>\n\t\t\t\t\t<\/div>\n\t\t<\/div>\n\t\t\t\t<div class=\"elementor-column elementor-col-50 elementor-top-column elementor-element elementor-element-da33efb\" data-id=\"da33efb\" data-element_type=\"column\">\n\t\t\t<div class=\"elementor-column-wrap elementor-element-populated\">\n\t\t\t\t\t\t\t<div class=\"elementor-widget-wrap\">\n\t\t\t\t\t\t<div class=\"elementor-element elementor-element-8302288 elementor-hidden-phone flex-horizontal-align-default flex-horizontal-align-tablet-default flex-horizontal-align-mobile-default flex-vertical-align-default flex-vertical-align-tablet-default flex-vertical-align-mobile-default elementor-invisible elementor-widget elementor-widget-image\" data-id=\"8302288\" data-element_type=\"widget\" data-settings=\"{&quot;_animation&quot;:&quot;zoomIn&quot;}\" data-widget_type=\"image.default\">\n\t\t\t\t<div class=\"elementor-widget-container\">\n\t\t\t\t\t\t\t\t<div class=\"elementor-image\">\n\t\t\t\t\t\t\t\t\t\t\t\t<img decoding=\"async\" width=\"1000\" height=\"1000\" src=\"https:\/\/berkinengineering.com\/wp-content\/uploads\/2023\/12\/JACK-4.png\" class=\"attachment-full size-full wp-image-34661\" alt=\"\" srcset=\"https:\/\/berkinengineering.com\/wp-content\/uploads\/2023\/12\/JACK-4.png 1000w, https:\/\/berkinengineering.com\/wp-content\/uploads\/2023\/12\/JACK-4-300x300.png 300w, https:\/\/berkinengineering.com\/wp-content\/uploads\/2023\/12\/JACK-4-150x150.png 150w, https:\/\/berkinengineering.com\/wp-content\/uploads\/2023\/12\/JACK-4-768x768.png 768w, https:\/\/berkinengineering.com\/wp-content\/uploads\/2023\/12\/JACK-4-12x12.png 12w, https:\/\/berkinengineering.com\/wp-content\/uploads\/2023\/12\/JACK-4-256x256.png 256w\" sizes=\"(max-width: 1000px) 100vw, 1000px\" \/>\t\t\t\t\t\t\t\t\t\t\t\t\t\t<\/div>\n\t\t\t\t\t\t<\/div>\n\t\t\t\t<\/div>\n\t\t\t\t<div class=\"elementor-element elementor-element-f581175 elementor-hidden-phone flex-horizontal-align-default flex-horizontal-align-tablet-default flex-horizontal-align-mobile-default flex-vertical-align-default flex-vertical-align-tablet-default flex-vertical-align-mobile-default elementor-widget elementor-widget-image\" data-id=\"f581175\" data-element_type=\"widget\" data-widget_type=\"image.default\">\n\t\t\t\t<div class=\"elementor-widget-container\">\n\t\t\t\t\t\t\t\t<div class=\"elementor-image\">\n\t\t\t\t\t\t\t\t\t\t\t\t<img decoding=\"async\" width=\"4025\" height=\"677\" src=\"https:\/\/berkinengineering.com\/wp-content\/uploads\/2021\/06\/Berkin_Amblem.png\" class=\"attachment-full size-full wp-image-26338\" alt=\"\" srcset=\"https:\/\/berkinengineering.com\/wp-content\/uploads\/2021\/06\/Berkin_Amblem.png 4025w, https:\/\/berkinengineering.com\/wp-content\/uploads\/2021\/06\/Berkin_Amblem-300x50.png 300w, https:\/\/berkinengineering.com\/wp-content\/uploads\/2021\/06\/Berkin_Amblem-1024x172.png 1024w, https:\/\/berkinengineering.com\/wp-content\/uploads\/2021\/06\/Berkin_Amblem-768x129.png 768w, https:\/\/berkinengineering.com\/wp-content\/uploads\/2021\/06\/Berkin_Amblem-1536x258.png 1536w, https:\/\/berkinengineering.com\/wp-content\/uploads\/2021\/06\/Berkin_Amblem-2048x344.png 2048w\" sizes=\"(max-width: 4025px) 100vw, 4025px\" \/>\t\t\t\t\t\t\t\t\t\t\t\t\t\t<\/div>\n\t\t\t\t\t\t<\/div>\n\t\t\t\t<\/div>\n\t\t\t\t\t\t<\/div>\n\t\t\t\t\t<\/div>\n\t\t<\/div>\n\t\t\t\t\t\t\t\t<\/div>\n\t\t\t\t\t<\/div>\n\t\t<\/section>\n\t\t\t\t<section class=\"elementor-section elementor-top-section elementor-element elementor-element-989826d elementor-section-boxed elementor-section-height-default elementor-section-height-default\" data-id=\"989826d\" data-element_type=\"section\" data-settings=\"{&quot;background_background&quot;:&quot;classic&quot;}\">\n\t\t\t\t\t\t<div class=\"elementor-container elementor-column-gap-thegem\">\n\t\t\t\t\t\t\t<div class=\"elementor-row\">\n\t\t\t\t\t<div class=\"elementor-column elementor-col-100 elementor-top-column elementor-element elementor-element-7fb9b5b\" data-id=\"7fb9b5b\" data-element_type=\"column\">\n\t\t\t<div class=\"elementor-column-wrap elementor-element-populated\">\n\t\t\t\t\t\t\t<div class=\"elementor-widget-wrap\">\n\t\t\t\t\t\t<div class=\"elementor-element elementor-element-744989c2 flex-horizontal-align-default flex-horizontal-align-tablet-default flex-horizontal-align-mobile-default flex-vertical-align-default flex-vertical-align-tablet-default flex-vertical-align-mobile-default elementor-widget elementor-widget-thegem-tabs\" data-id=\"744989c2\" data-element_type=\"widget\" data-settings=\"{&quot;thegem_elementor_preset&quot;:&quot;classic&quot;}\" data-widget_type=\"thegem-tabs.default\">\n\t\t\t\t<div class=\"elementor-widget-container\">\n\t\t\t\n\t\t<div class=\"gem-tta-container\" data-vc-action=\"collapse\" >\n\t\t\t<div class=\"gem-tta-general gem-tta gem-tta-tabs gem-tta-color-thegem gem-tta-shape-rounded gem-tta-nogap gem-tta-style-classic gem-tta-tabs-position-top gem-tta-controls-align-left\">\n\t\t\t\t<div class=\"gem-tta-panels-container\">\n\t\t\t\t\t<div class=\"gem-tta-panels\">\n\n\t\t\t\t\t\t\n\t\t\t\t\t\t<div id=\"section-744989c2-1\" class=\"gem-tta-panel gem-tta-active\" data-vc-content=\".gem-tta-panel-body\">\n\t\t\t\t\t\t\t<div class=\"gem-tta-panel-heading\">\n\t\t\t\t\t\t\t\t<h4 class=\"gem-tta-panel-title\">\n\t\t\t\t\t\t\t\t\t<a href=\"#section-744989c2-1\" data-vc-accordion data-vc-container=\".gem-tta-container\">\n\t\t\t\t\t\t\t\t\t\t\t\t\t\t\t\t\t\t\t\t<span class=\"gem-tta-title-text\">\n\t\t\t\t\t\t\t\t\t\t\t<b>Technicial Specifications<\/b>\t\t\t\t\t\t\t\t\t\t<\/span>\n\t\t\t\t\t\t\t\t\t<\/a>\n\t\t\t\t\t\t\t\t<\/h4>\n\t\t\t\t\t\t\t<\/div>\n\t\t\t\t\t\t\t<div class=\"gem-tta-panel-body gem-tta-panel-respbody\">\n\t\t\t\t\t\t\t\t<div class=\"gem-text-output\"><div>\n<div style=\"line-height: 2;\">\n<ul>\n<li>\n<p><span style=\"background-color: transparent; font-size: 1em;\"><b>Operating Temperature:&nbsp;<\/b><\/span><span style=\"background-color: transparent; font-size: 1em;\">&#8211;<\/span><\/p>\n<\/li>\n<li>\n<p><span style=\"background-color: transparent; font-size: 1em;\"><b>Assembly:-<\/b><\/span><\/p>\n<\/li>\n<li>\n<p><span style=\"background-color: transparent; font-size: 1em;\"><b>Weight:&nbsp;<\/b><\/span><span style=\"background-color: transparent; font-size: 1em;\">Yakla\u015f\u0131k 1.15 kg<\/span><\/p>\n<\/li>\n<li>\n<p><span style=\"background-color: transparent; font-size: 1em;\"><b>IP:<\/b>&nbsp;66<\/span><\/p>\n<\/li>\n<li>\n<p><b>Power Supply: -<\/b><br><\/p>\n<\/li>\n<li>\n<p><b>Power consumption: -<br><\/b><\/p>\n<\/li>\n<\/ul>\n<div style=\"padding-left: 40px;\">\n<\/div>\n<\/div>\n<\/div><\/div>\t\t\t\t\t\t\t<\/div>\n\t\t\t\t\t\t<\/div>\n\t\t\t\t\t\n\t\t\t\t\t\t<div id=\"section-744989c2-2\" class=\"gem-tta-panel\" data-vc-content=\".gem-tta-panel-body\">\n\t\t\t\t\t\t\t<div class=\"gem-tta-panel-heading\">\n\t\t\t\t\t\t\t\t<h4 class=\"gem-tta-panel-title\">\n\t\t\t\t\t\t\t\t\t<a href=\"#section-744989c2-2\" data-vc-accordion data-vc-container=\".gem-tta-container\">\n\t\t\t\t\t\t\t\t\t\t\t\t\t\t\t\t\t\t\t\t<span class=\"gem-tta-title-text\">\n\t\t\t\t\t\t\t\t\t\t\t<b>Highlights<\/b>\t\t\t\t\t\t\t\t\t\t<\/span>\n\t\t\t\t\t\t\t\t\t<\/a>\n\t\t\t\t\t\t\t\t<\/h4>\n\t\t\t\t\t\t\t<\/div>\n\t\t\t\t\t\t\t<div class=\"gem-tta-panel-body gem-tta-panel-respbody\">\n\t\t\t\t\t\t\t\t<div class=\"gem-text-output\"><div>\n<div>\n<div>\n<div>\n<div>\n<ul>\n<li>Jack Box<\/li>\n<\/ul>\n<\/div>\n<\/div>\n<\/div>\n<\/div>\n<\/div><\/div>\t\t\t\t\t\t\t<\/div>\n\t\t\t\t\t\t<\/div>\n\t\t\t\t\t\t\t\t\t<\/div>\n\t\t\t\t<\/div>\n\t\t\t\t<div class=\"gem-tta-tabs-container gem-tta-tabs-icon-position-left\">\n\t\t\t\t\t<ul class=\"gem-tta-tabs-list\">\n\n\t\t\t\t\t\t\n\t\t\t\t\t\t<li class=\"gem-tta-tab gem-tta-active\" data-vc-tab data-vc-tab-index=\"0\">\n\t\t\t\t\t\t\t\t\t\t\t\t\t\t\t<a href=\"#section-744989c2-1\" data-vc-tabs data-vc-container=\".gem-tta\">\n\t\t\t\t\t\t\t\t\t<span class=\"gem-tta-icon\">\n\t\t\t\t\t\t\t\t\t\t \t\t\t\t\t\t\t\t\t<\/span>\n\t\t\t\t\t\t\t\t\t<span class=\"gem-tta-title-text\">\n\t\t\t\t\t\t\t\t\t\t<b>Technicial Specifications<\/b>\t\t\t\t\t\t\t\t\t<\/span>\n\t\t\t\t\t\t\t\t<\/a>\n\t\t\t\t\t\t\t\t\t\t\t\t\t<\/li>\n\t\t\t\t\t\n\t\t\t\t\t\t<li class=\"gem-tta-tab\" data-vc-tab data-vc-tab-index=\"1\">\n\t\t\t\t\t\t\t\t\t\t\t\t\t\t\t<a href=\"#section-744989c2-2\" data-vc-tabs data-vc-container=\".gem-tta\">\n\t\t\t\t\t\t\t\t\t<span class=\"gem-tta-icon\">\n\t\t\t\t\t\t\t\t\t\t \t\t\t\t\t\t\t\t\t<\/span>\n\t\t\t\t\t\t\t\t\t<span class=\"gem-tta-title-text\">\n\t\t\t\t\t\t\t\t\t\t<b>Highlights<\/b>\t\t\t\t\t\t\t\t\t<\/span>\n\t\t\t\t\t\t\t\t<\/a>\n\t\t\t\t\t\t\t\t\t\t\t\t\t<\/li>\n\t\t\t\t\t\t\t\t\t\t<\/ul>\n\t\t\t\t<\/div>\n\t\t\t<\/div>\n\t\t<\/div>\n\n\t\t\t\t<\/div>\n\t\t\t\t<\/div>\n\t\t\t\t\t\t<\/div>\n\t\t\t\t\t<\/div>\n\t\t<\/div>\n\t\t\t\t\t\t\t\t<\/div>\n\t\t\t\t\t<\/div>\n\t\t<\/section>\n\t\t\t\t<section class=\"elementor-section elementor-top-section elementor-element elementor-element-3568c16b elementor-section-content-middle elementor-section-boxed elementor-section-height-default elementor-section-height-default\" data-id=\"3568c16b\" data-element_type=\"section\" data-settings=\"{&quot;background_background&quot;:&quot;classic&quot;,&quot;animation&quot;:&quot;none&quot;}\">\n\t\t\t\t\t\t<div class=\"elementor-container elementor-column-gap-thegem\">\n\t\t\t\t\t\t\t<div class=\"elementor-row\">\n\t\t\t\t\t<div class=\"elementor-column elementor-col-100 elementor-top-column elementor-element elementor-element-2865767d\" data-id=\"2865767d\" data-element_type=\"column\" data-settings=\"{&quot;animation&quot;:&quot;none&quot;}\">\n\t\t\t<div class=\"elementor-column-wrap elementor-element-populated\">\n\t\t\t\t\t\t\t<div class=\"elementor-widget-wrap\">\n\t\t\t\t\t\t<section class=\"elementor-section elementor-inner-section elementor-element elementor-element-1bc49ad2 elementor-section-boxed elementor-section-height-default elementor-section-height-default\" data-id=\"1bc49ad2\" data-element_type=\"section\">\n\t\t\t\t\t\t<div class=\"elementor-container elementor-column-gap-thegem\">\n\t\t\t\t\t\t\t<div class=\"elementor-row\">\n\t\t\t\t\t<div class=\"elementor-column elementor-col-50 elementor-inner-column elementor-element elementor-element-2dfcdf0a\" data-id=\"2dfcdf0a\" data-element_type=\"column\">\n\t\t\t<div class=\"elementor-column-wrap elementor-element-populated\">\n\t\t\t\t\t\t\t<div class=\"elementor-widget-wrap\">\n\t\t\t\t\t\t<div class=\"elementor-element elementor-element-781659c6 elementor-widget__width-auto flex-horizontal-align-default flex-horizontal-align-tablet-default flex-horizontal-align-mobile-default flex-vertical-align-default flex-vertical-align-tablet-default flex-vertical-align-mobile-default elementor-widget elementor-widget-text-editor\" data-id=\"781659c6\" data-element_type=\"widget\" data-widget_type=\"text-editor.default\">\n\t\t\t\t<div class=\"elementor-widget-container\">\n\t\t\t\t\t\t\t\t<div class=\"elementor-text-editor elementor-clearfix\">\n\t\t\t\t<p>JB-4 PDF\u00a0<\/p>\t\t\t\t\t<\/div>\n\t\t\t\t\t\t<\/div>\n\t\t\t\t<\/div>\n\t\t\t\t<div class=\"elementor-element elementor-element-3e0b3b69 elementor-widget__width-auto elementor-view-default flex-horizontal-align-default flex-horizontal-align-tablet-default flex-horizontal-align-mobile-default flex-vertical-align-default flex-vertical-align-tablet-default flex-vertical-align-mobile-default elementor-widget elementor-widget-icon\" data-id=\"3e0b3b69\" data-element_type=\"widget\" data-widget_type=\"icon.default\">\n\t\t\t\t<div class=\"elementor-widget-container\">\n\t\t\t\t\t<div class=\"elementor-icon-wrapper\">\n\t\t\t<div class=\"elementor-icon\">\n\t\t\t<i aria-hidden=\"true\" class=\"fas fa-file-pdf\"><\/i>\t\t\t<\/div>\n\t\t<\/div>\n\t\t\t\t<\/div>\n\t\t\t\t<\/div>\n\t\t\t\t<div class=\"elementor-element elementor-element-70203c95 flex-horizontal-align-default flex-horizontal-align-tablet-default flex-horizontal-align-mobile-default flex-vertical-align-default flex-vertical-align-tablet-default flex-vertical-align-mobile-default elementor-widget elementor-widget-text-editor\" data-id=\"70203c95\" data-element_type=\"widget\" data-widget_type=\"text-editor.default\">\n\t\t\t\t<div class=\"elementor-widget-container\">\n\t\t\t\t\t\t\t\t<div class=\"elementor-text-editor elementor-clearfix\">\n\t\t\t\t<p><b>SIZE<\/b>: 976 KB<\/p>\t\t\t\t\t<\/div>\n\t\t\t\t\t\t<\/div>\n\t\t\t\t<\/div>\n\t\t\t\t\t\t<\/div>\n\t\t\t\t\t<\/div>\n\t\t<\/div>\n\t\t\t\t<div class=\"elementor-column elementor-col-50 elementor-inner-column elementor-element elementor-element-77246f56\" data-id=\"77246f56\" data-element_type=\"column\">\n\t\t\t<div class=\"elementor-column-wrap elementor-element-populated\">\n\t\t\t\t\t\t\t<div class=\"elementor-widget-wrap\">\n\t\t\t\t\t\t<div class=\"elementor-element elementor-element-32d93aa7 elementor-widget__width-auto flex-horizontal-align-default flex-horizontal-align-tablet-default flex-horizontal-align-mobile-default flex-vertical-align-default flex-vertical-align-tablet-default flex-vertical-align-mobile-default elementor-widget elementor-widget-button\" data-id=\"32d93aa7\" data-element_type=\"widget\" data-widget_type=\"button.default\">\n\t\t\t\t<div class=\"elementor-widget-container\">\n\t\t\t\t\t<div class=\"elementor-button-wrapper\">\n\t\t\t<a class=\"elementor-button elementor-button-link elementor-size-xs\" href=\"https:\/\/berkinengineering.com\/wp-content\/uploads\/2023\/07\/BERKIN_A4FOY_SPTelefonSistemleri_EN.pdf\" target=\"_blank\">\n\t\t\t\t\t\t<span class=\"elementor-button-content-wrapper\">\n\t\t\t\t\t\t<span class=\"elementor-button-text\">View<\/span>\n\t\t<\/span>\n\t\t\t\t\t<\/a>\n\t\t<\/div>\n\t\t\t\t<\/div>\n\t\t\t\t<\/div>\n\t\t\t\t<div class=\"elementor-element elementor-element-1f495f42 elementor-widget__width-auto flex-horizontal-align-default flex-horizontal-align-tablet-default flex-horizontal-align-mobile-default flex-vertical-align-default flex-vertical-align-tablet-default flex-vertical-align-mobile-default elementor-widget elementor-widget-button\" data-id=\"1f495f42\" data-element_type=\"widget\" data-widget_type=\"button.default\">\n\t\t\t\t<div class=\"elementor-widget-container\">\n\t\t\t\t\t<div class=\"elementor-button-wrapper\">\n\t\t\t<a class=\"elementor-button elementor-button-link elementor-size-xs\" href=\"https:\/\/berkinengineering.com\/wp-content\/uploads\/2023\/07\/BERKIN_A4FOY_SPTelefonSistemleri_EN.pdf\" target=\"_blank\" download=\"NS-0208x3_TUR-0.00.pdf\">\n\t\t\t\t\t\t<span class=\"elementor-button-content-wrapper\">\n\t\t\t\t\t\t<span class=\"elementor-button-text\">Download<\/span>\n\t\t<\/span>\n\t\t\t\t\t<\/a>\n\t\t<\/div>\n\t\t\t\t<\/div>\n\t\t\t\t<\/div>\n\t\t\t\t\t\t<\/div>\n\t\t\t\t\t<\/div>\n\t\t<\/div>\n\t\t\t\t\t\t\t\t<\/div>\n\t\t\t\t\t<\/div>\n\t\t<\/section>\n\t\t\t\t\t\t<\/div>\n\t\t\t\t\t<\/div>\n\t\t<\/div>\n\t\t\t\t\t\t\t\t<\/div>\n\t\t\t\t\t<\/div>\n\t\t<\/section>\n\t\t\t\t\t\t\t\t\t<\/div>\n\t\t\t<\/div>\n\t\t\t\t\t<\/div>","protected":false},"excerpt":{"rendered":"<p>JB-4 JB-4 SP TELEFON S\u0130STEM\u0130 \u0130leti\u015fim kurmak i\u00e7in gerekli enerji sadece kullan\u0131c\u0131n\u0131n sesinden gelir. Akustik enerji elektri\u011fe ve daha sonra&#8230;<\/p>","protected":false},"author":4,"featured_media":0,"parent":31125,"menu_order":0,"comment_status":"closed","ping_status":"closed","template":"elementor_header_footer","meta":{"footnotes":""},"_links":{"self":[{"href":"https:\/\/berkinengineering.com\/en\/wp-json\/wp\/v2\/pages\/31829"}],"collection":[{"href":"https:\/\/berkinengineering.com\/en\/wp-json\/wp\/v2\/pages"}],"about":[{"href":"https:\/\/berkinengineering.com\/en\/wp-json\/wp\/v2\/types\/page"}],"author":[{"embeddable":true,"href":"https:\/\/berkinengineering.com\/en\/wp-json\/wp\/v2\/users\/4"}],"replies":[{"embeddable":true,"href":"https:\/\/berkinengineering.com\/en\/wp-json\/wp\/v2\/comments?post=31829"}],"version-history":[{"count":10,"href":"https:\/\/berkinengineering.com\/en\/wp-json\/wp\/v2\/pages\/31829\/revisions"}],"predecessor-version":[{"id":34664,"href":"https:\/\/berkinengineering.com\/en\/wp-json\/wp\/v2\/pages\/31829\/revisions\/34664"}],"up":[{"embeddable":true,"href":"https:\/\/berkinengineering.com\/en\/wp-json\/wp\/v2\/pages\/31125"}],"wp:attachment":[{"href":"https:\/\/berkinengineering.com\/en\/wp-json\/wp\/v2\/media?parent=31829"}],"curies":[{"name":"wp","href":"https:\/\/api.w.org\/{rel}","templated":true}]}}