{"id":31705,"date":"2023-07-26T13:04:15","date_gmt":"2023-07-26T10:04:15","guid":{"rendered":"https:\/\/berkinengineering.com\/?page_id=31705"},"modified":"2024-02-21T11:18:17","modified_gmt":"2024-02-21T08:18:17","slug":"ahc-2022","status":"publish","type":"page","link":"https:\/\/berkinengineering.com\/en\/sp-telefon-sistemleri\/ahc-2022\/","title":{"rendered":"AHC-2022"},"content":{"rendered":"<div data-elementor-type=\"wp-page\" data-elementor-id=\"31705\" class=\"elementor elementor-31705\">\n\t\t\t\t\t\t<div class=\"elementor-inner\">\n\t\t\t\t<div class=\"elementor-section-wrap\">\n\t\t\t\t\t\t\t\t\t<section class=\"elementor-section elementor-top-section elementor-element elementor-element-e83319e elementor-section-full_width elementor-section-height-default elementor-section-height-default\" data-id=\"e83319e\" data-element_type=\"section\" data-settings=\"{&quot;background_background&quot;:&quot;classic&quot;,&quot;thegem_parallax_activate&quot;:&quot;yes&quot;,&quot;thegem_parallax_type&quot;:&quot;vertical&quot;}\">\n\t\t\t\t\t\t<div class=\"elementor-container elementor-column-gap-thegem\">\n\t\t\t\t\t\t\t<div class=\"elementor-row\">\n\t\t\t\t\t<div class=\"elementor-column elementor-col-50 elementor-top-column elementor-element elementor-element-9169701\" data-id=\"9169701\" data-element_type=\"column\">\n\t\t\t<div class=\"elementor-column-wrap elementor-element-populated\">\n\t\t\t\t\t\t\t<div class=\"elementor-widget-wrap\">\n\t\t\t\t\t\t<div class=\"elementor-element elementor-element-a2c6ffb elementor-hidden-phone elementor-hidden-tablet flex-horizontal-align-default flex-horizontal-align-tablet-default flex-horizontal-align-mobile-default flex-vertical-align-default flex-vertical-align-tablet-default flex-vertical-align-mobile-default elementor-widget elementor-widget-heading\" data-id=\"a2c6ffb\" data-element_type=\"widget\" data-widget_type=\"heading.default\">\n\t\t\t\t<div class=\"elementor-widget-container\">\n\t\t\t<h1 class=\"elementor-heading-title elementor-size-xxl\">AHC-2022<\/h1>\t\t<\/div>\n\t\t\t\t<\/div>\n\t\t\t\t<div class=\"elementor-element elementor-element-0eba167 elementor-hidden-desktop flex-horizontal-align-default flex-horizontal-align-tablet-default flex-horizontal-align-mobile-default flex-vertical-align-default flex-vertical-align-tablet-default flex-vertical-align-mobile-default elementor-widget elementor-widget-heading\" data-id=\"0eba167\" data-element_type=\"widget\" data-widget_type=\"heading.default\">\n\t\t\t\t<div class=\"elementor-widget-container\">\n\t\t\t<h1 class=\"elementor-heading-title elementor-size-xl\">AHC-2022<\/h1>\t\t<\/div>\n\t\t\t\t<\/div>\n\t\t\t\t<div class=\"elementor-element elementor-element-5d2aebe elementor-hidden-desktop elementor-hidden-tablet flex-horizontal-align-default flex-horizontal-align-tablet-default flex-horizontal-align-mobile-default flex-vertical-align-default flex-vertical-align-tablet-default flex-vertical-align-mobile-default elementor-widget elementor-widget-image\" data-id=\"5d2aebe\" data-element_type=\"widget\" data-widget_type=\"image.default\">\n\t\t\t\t<div class=\"elementor-widget-container\">\n\t\t\t\t\t\t\t\t<div class=\"elementor-image\">\n\t\t\t\t\t\t\t\t\t\t\t\t<img decoding=\"async\" width=\"565\" height=\"441\" src=\"https:\/\/berkinengineering.com\/wp-content\/uploads\/2024\/02\/Adsiz_tasarim__5_-removebg-preview.png\" class=\"attachment-full size-full wp-image-35106\" alt=\"\" \/>\t\t\t\t\t\t\t\t\t\t\t\t\t\t<\/div>\n\t\t\t\t\t\t<\/div>\n\t\t\t\t<\/div>\n\t\t\t\t<div class=\"elementor-element elementor-element-26998ce elementor-hidden-desktop elementor-hidden-tablet flex-horizontal-align-default flex-horizontal-align-tablet-default flex-horizontal-align-mobile-default flex-vertical-align-default flex-vertical-align-tablet-default flex-vertical-align-mobile-default elementor-widget elementor-widget-image\" data-id=\"26998ce\" data-element_type=\"widget\" data-widget_type=\"image.default\">\n\t\t\t\t<div class=\"elementor-widget-container\">\n\t\t\t\t\t\t\t\t<div class=\"elementor-image\">\n\t\t\t\t\t\t\t\t\t\t\t\t<img decoding=\"async\" width=\"4025\" height=\"677\" src=\"https:\/\/berkinengineering.com\/wp-content\/uploads\/2021\/06\/Berkin_Amblem.png\" class=\"attachment-full size-full wp-image-26338\" alt=\"\" srcset=\"https:\/\/berkinengineering.com\/wp-content\/uploads\/2021\/06\/Berkin_Amblem.png 4025w, https:\/\/berkinengineering.com\/wp-content\/uploads\/2021\/06\/Berkin_Amblem-300x50.png 300w, https:\/\/berkinengineering.com\/wp-content\/uploads\/2021\/06\/Berkin_Amblem-1024x172.png 1024w, https:\/\/berkinengineering.com\/wp-content\/uploads\/2021\/06\/Berkin_Amblem-768x129.png 768w, https:\/\/berkinengineering.com\/wp-content\/uploads\/2021\/06\/Berkin_Amblem-1536x258.png 1536w, https:\/\/berkinengineering.com\/wp-content\/uploads\/2021\/06\/Berkin_Amblem-2048x344.png 2048w\" sizes=\"(max-width: 4025px) 100vw, 4025px\" \/>\t\t\t\t\t\t\t\t\t\t\t\t\t\t<\/div>\n\t\t\t\t\t\t<\/div>\n\t\t\t\t<\/div>\n\t\t\t\t<div class=\"elementor-element elementor-element-901711d flex-horizontal-align-default flex-horizontal-align-tablet-default flex-horizontal-align-mobile-default flex-vertical-align-default flex-vertical-align-tablet-default flex-vertical-align-mobile-default elementor-widget elementor-widget-text-editor\" data-id=\"901711d\" data-element_type=\"widget\" data-widget_type=\"text-editor.default\">\n\t\t\t\t<div class=\"elementor-widget-container\">\n\t\t\t\t\t\t\t\t<div class=\"elementor-text-editor elementor-clearfix\">\n\t\t\t\t<p>SP TELEPHONE SYSTEMS<\/p><p>The energy required to communicate comes only from the sound of the user. Acoustic energy is converted into electricity and then from electrical to acoustic. All of our voice-operated phones are made of polymer alloy which provides excellent chemical resistance,  high impact resistance, non-flammability and stability to ultraviolet light. Such telephones are used in situations where security is critical in communication, such as in combat systems on military ships. Our sound-powered telephone systems are MIL-STD compliant.<\/p>\t\t\t\t\t<\/div>\n\t\t\t\t\t\t<\/div>\n\t\t\t\t<\/div>\n\t\t\t\t\t\t<\/div>\n\t\t\t\t\t<\/div>\n\t\t<\/div>\n\t\t\t\t<div class=\"elementor-column elementor-col-50 elementor-top-column elementor-element elementor-element-9259a04\" data-id=\"9259a04\" data-element_type=\"column\">\n\t\t\t<div class=\"elementor-column-wrap elementor-element-populated\">\n\t\t\t\t\t\t\t<div class=\"elementor-widget-wrap\">\n\t\t\t\t\t\t<div class=\"elementor-element elementor-element-61780ec elementor-hidden-phone flex-horizontal-align-default flex-horizontal-align-tablet-default flex-horizontal-align-mobile-default flex-vertical-align-default flex-vertical-align-tablet-default flex-vertical-align-mobile-default elementor-invisible elementor-widget elementor-widget-image\" data-id=\"61780ec\" data-element_type=\"widget\" data-settings=\"{&quot;_animation&quot;:&quot;zoomIn&quot;}\" data-widget_type=\"image.default\">\n\t\t\t\t<div class=\"elementor-widget-container\">\n\t\t\t\t\t\t\t\t<div class=\"elementor-image\">\n\t\t\t\t\t\t\t\t\t\t\t\t<img decoding=\"async\" width=\"565\" height=\"441\" src=\"https:\/\/berkinengineering.com\/wp-content\/uploads\/2024\/02\/Adsiz_tasarim__5_-removebg-preview.png\" class=\"attachment-full size-full wp-image-35106\" alt=\"\" \/>\t\t\t\t\t\t\t\t\t\t\t\t\t\t<\/div>\n\t\t\t\t\t\t<\/div>\n\t\t\t\t<\/div>\n\t\t\t\t<div class=\"elementor-element elementor-element-54518f4 elementor-hidden-phone flex-horizontal-align-default flex-horizontal-align-tablet-default flex-horizontal-align-mobile-default flex-vertical-align-default flex-vertical-align-tablet-default flex-vertical-align-mobile-default elementor-widget elementor-widget-image\" data-id=\"54518f4\" data-element_type=\"widget\" data-widget_type=\"image.default\">\n\t\t\t\t<div class=\"elementor-widget-container\">\n\t\t\t\t\t\t\t\t<div class=\"elementor-image\">\n\t\t\t\t\t\t\t\t\t\t\t\t<img decoding=\"async\" width=\"4025\" height=\"677\" src=\"https:\/\/berkinengineering.com\/wp-content\/uploads\/2021\/06\/Berkin_Amblem.png\" class=\"attachment-full size-full wp-image-26338\" alt=\"\" srcset=\"https:\/\/berkinengineering.com\/wp-content\/uploads\/2021\/06\/Berkin_Amblem.png 4025w, https:\/\/berkinengineering.com\/wp-content\/uploads\/2021\/06\/Berkin_Amblem-300x50.png 300w, https:\/\/berkinengineering.com\/wp-content\/uploads\/2021\/06\/Berkin_Amblem-1024x172.png 1024w, https:\/\/berkinengineering.com\/wp-content\/uploads\/2021\/06\/Berkin_Amblem-768x129.png 768w, https:\/\/berkinengineering.com\/wp-content\/uploads\/2021\/06\/Berkin_Amblem-1536x258.png 1536w, https:\/\/berkinengineering.com\/wp-content\/uploads\/2021\/06\/Berkin_Amblem-2048x344.png 2048w\" sizes=\"(max-width: 4025px) 100vw, 4025px\" \/>\t\t\t\t\t\t\t\t\t\t\t\t\t\t<\/div>\n\t\t\t\t\t\t<\/div>\n\t\t\t\t<\/div>\n\t\t\t\t\t\t<\/div>\n\t\t\t\t\t<\/div>\n\t\t<\/div>\n\t\t\t\t\t\t\t\t<\/div>\n\t\t\t\t\t<\/div>\n\t\t<\/section>\n\t\t\t\t<section class=\"elementor-section elementor-top-section elementor-element elementor-element-c51db23 elementor-section-boxed elementor-section-height-default elementor-section-height-default\" data-id=\"c51db23\" data-element_type=\"section\" data-settings=\"{&quot;background_background&quot;:&quot;classic&quot;}\">\n\t\t\t\t\t\t<div class=\"elementor-container elementor-column-gap-thegem\">\n\t\t\t\t\t\t\t<div class=\"elementor-row\">\n\t\t\t\t\t<div class=\"elementor-column elementor-col-100 elementor-top-column elementor-element elementor-element-1707bcc\" data-id=\"1707bcc\" data-element_type=\"column\">\n\t\t\t<div class=\"elementor-column-wrap elementor-element-populated\">\n\t\t\t\t\t\t\t<div class=\"elementor-widget-wrap\">\n\t\t\t\t\t\t<div class=\"elementor-element elementor-element-3cb68dfb flex-horizontal-align-default flex-horizontal-align-tablet-default flex-horizontal-align-mobile-default flex-vertical-align-default flex-vertical-align-tablet-default flex-vertical-align-mobile-default elementor-widget elementor-widget-thegem-tabs\" data-id=\"3cb68dfb\" data-element_type=\"widget\" data-settings=\"{&quot;thegem_elementor_preset&quot;:&quot;classic&quot;}\" data-widget_type=\"thegem-tabs.default\">\n\t\t\t\t<div class=\"elementor-widget-container\">\n\t\t\t\n\t\t<div class=\"gem-tta-container\" data-vc-action=\"collapse\" >\n\t\t\t<div class=\"gem-tta-general gem-tta gem-tta-tabs gem-tta-color-thegem gem-tta-shape-rounded gem-tta-nogap gem-tta-style-classic gem-tta-tabs-position-top gem-tta-controls-align-left\">\n\t\t\t\t<div class=\"gem-tta-panels-container\">\n\t\t\t\t\t<div class=\"gem-tta-panels\">\n\n\t\t\t\t\t\t\n\t\t\t\t\t\t<div id=\"section-3cb68dfb-1\" class=\"gem-tta-panel gem-tta-active\" data-vc-content=\".gem-tta-panel-body\">\n\t\t\t\t\t\t\t<div class=\"gem-tta-panel-heading\">\n\t\t\t\t\t\t\t\t<h4 class=\"gem-tta-panel-title\">\n\t\t\t\t\t\t\t\t\t<a href=\"#section-3cb68dfb-1\" data-vc-accordion data-vc-container=\".gem-tta-container\">\n\t\t\t\t\t\t\t\t\t\t\t\t\t\t\t\t\t\t\t\t<span class=\"gem-tta-title-text\">\n\t\t\t\t\t\t\t\t\t\t\t<b>Technicial Specifications<\/b>\t\t\t\t\t\t\t\t\t\t<\/span>\n\t\t\t\t\t\t\t\t\t<\/a>\n\t\t\t\t\t\t\t\t<\/h4>\n\t\t\t\t\t\t\t<\/div>\n\t\t\t\t\t\t\t<div class=\"gem-tta-panel-body gem-tta-panel-respbody\">\n\t\t\t\t\t\t\t\t<div class=\"gem-text-output\"><div>\n<div style=\"line-height: 2;\">\n<ul>\n<li>\n<p><b>Acoustic Alarm: -<\/b><\/p>\n<\/li>\n<li>\n<p><span style=\"background-color: transparent; font-size: 1em;\"><b>Operating Temperature:&nbsp;<\/b><\/span><span style=\"background-color: transparent; font-size: 1em;\">-20\u00baC to +50\u00baC<\/span><\/p>\n<\/li>\n<li>\n<p><span style=\"background-color: transparent; font-size: 1em;\"><b>Relative humidity: <\/b>&#8211;<\/span><\/p>\n<\/li>\n<li>\n<p><span style=\"background-color: transparent; font-size: 1em;\"><b>Assembly:&nbsp;<\/b><\/span><span style=\"background-color: transparent; font-size: 1em;\">Head-chest<\/span><\/p>\n<\/li>\n<li>\n<p><span style=\"background-color: transparent; font-size: 1em;\"><b>Weight:&nbsp;<\/b><\/span><span style=\"background-color: transparent; font-size: 1em;\">Approx. 1.5 kg<\/span><\/p>\n<\/li>\n<li>\n<p><span style=\"background-color: transparent; font-size: 1em;\"><b>IP:<\/b>&nbsp;&#8211;<\/span><\/p>\n<\/li>\n<li>\n<p><span style=\"background-color: transparent; font-size: 1em;\"><b>Connector:&nbsp;<\/b><\/span><span style=\"background-color: transparent; font-size: 1em;\">Plug H-39-A<\/span><\/p>\n<\/li>\n<li>\n<p><span style=\"background-color: transparent; font-size: 1em;\"><b>Cable Length:&nbsp;<\/b><span style=\"background-color: transparent; font-size: 1em;\">6 m<\/span><br><\/span><\/p>\n<\/li>\n<\/ul>\n<div style=\"padding-left: 40px;\">\n<\/div>\n<\/div>\n<\/div><\/div>\t\t\t\t\t\t\t<\/div>\n\t\t\t\t\t\t<\/div>\n\t\t\t\t\t\n\t\t\t\t\t\t<div id=\"section-3cb68dfb-2\" class=\"gem-tta-panel\" data-vc-content=\".gem-tta-panel-body\">\n\t\t\t\t\t\t\t<div class=\"gem-tta-panel-heading\">\n\t\t\t\t\t\t\t\t<h4 class=\"gem-tta-panel-title\">\n\t\t\t\t\t\t\t\t\t<a href=\"#section-3cb68dfb-2\" data-vc-accordion data-vc-container=\".gem-tta-container\">\n\t\t\t\t\t\t\t\t\t\t\t\t\t\t\t\t\t\t\t\t<span class=\"gem-tta-title-text\">\n\t\t\t\t\t\t\t\t\t\t\t<b>Highlights<\/b>\t\t\t\t\t\t\t\t\t\t<\/span>\n\t\t\t\t\t\t\t\t\t<\/a>\n\t\t\t\t\t\t\t\t<\/h4>\n\t\t\t\t\t\t\t<\/div>\n\t\t\t\t\t\t\t<div class=\"gem-tta-panel-body gem-tta-panel-respbody\">\n\t\t\t\t\t\t\t\t<div class=\"gem-text-output\"><div>\n<div>\n<div>\n<div>\n<div>\n<ul>\n<li>Head-chest Microphone<\/li>\n<\/ul>\n<\/div>\n<\/div>\n<\/div>\n<\/div>\n<\/div><\/div>\t\t\t\t\t\t\t<\/div>\n\t\t\t\t\t\t<\/div>\n\t\t\t\t\t\t\t\t\t<\/div>\n\t\t\t\t<\/div>\n\t\t\t\t<div class=\"gem-tta-tabs-container gem-tta-tabs-icon-position-left\">\n\t\t\t\t\t<ul class=\"gem-tta-tabs-list\">\n\n\t\t\t\t\t\t\n\t\t\t\t\t\t<li class=\"gem-tta-tab gem-tta-active\" data-vc-tab data-vc-tab-index=\"0\">\n\t\t\t\t\t\t\t\t\t\t\t\t\t\t\t<a href=\"#section-3cb68dfb-1\" data-vc-tabs data-vc-container=\".gem-tta\">\n\t\t\t\t\t\t\t\t\t<span class=\"gem-tta-icon\">\n\t\t\t\t\t\t\t\t\t\t \t\t\t\t\t\t\t\t\t<\/span>\n\t\t\t\t\t\t\t\t\t<span class=\"gem-tta-title-text\">\n\t\t\t\t\t\t\t\t\t\t<b>Technicial Specifications<\/b>\t\t\t\t\t\t\t\t\t<\/span>\n\t\t\t\t\t\t\t\t<\/a>\n\t\t\t\t\t\t\t\t\t\t\t\t\t<\/li>\n\t\t\t\t\t\n\t\t\t\t\t\t<li class=\"gem-tta-tab\" data-vc-tab data-vc-tab-index=\"1\">\n\t\t\t\t\t\t\t\t\t\t\t\t\t\t\t<a href=\"#section-3cb68dfb-2\" data-vc-tabs data-vc-container=\".gem-tta\">\n\t\t\t\t\t\t\t\t\t<span class=\"gem-tta-icon\">\n\t\t\t\t\t\t\t\t\t\t \t\t\t\t\t\t\t\t\t<\/span>\n\t\t\t\t\t\t\t\t\t<span class=\"gem-tta-title-text\">\n\t\t\t\t\t\t\t\t\t\t<b>Highlights<\/b>\t\t\t\t\t\t\t\t\t<\/span>\n\t\t\t\t\t\t\t\t<\/a>\n\t\t\t\t\t\t\t\t\t\t\t\t\t<\/li>\n\t\t\t\t\t\t\t\t\t\t<\/ul>\n\t\t\t\t<\/div>\n\t\t\t<\/div>\n\t\t<\/div>\n\n\t\t\t\t<\/div>\n\t\t\t\t<\/div>\n\t\t\t\t\t\t<\/div>\n\t\t\t\t\t<\/div>\n\t\t<\/div>\n\t\t\t\t\t\t\t\t<\/div>\n\t\t\t\t\t<\/div>\n\t\t<\/section>\n\t\t\t\t<section class=\"elementor-section elementor-top-section elementor-element elementor-element-117ecf46 elementor-section-content-middle elementor-section-boxed elementor-section-height-default elementor-section-height-default\" data-id=\"117ecf46\" data-element_type=\"section\" data-settings=\"{&quot;background_background&quot;:&quot;classic&quot;,&quot;animation&quot;:&quot;none&quot;}\">\n\t\t\t\t\t\t<div class=\"elementor-container elementor-column-gap-thegem\">\n\t\t\t\t\t\t\t<div class=\"elementor-row\">\n\t\t\t\t\t<div class=\"elementor-column elementor-col-100 elementor-top-column elementor-element elementor-element-6a2dc3c6\" data-id=\"6a2dc3c6\" data-element_type=\"column\" data-settings=\"{&quot;animation&quot;:&quot;none&quot;}\">\n\t\t\t<div class=\"elementor-column-wrap elementor-element-populated\">\n\t\t\t\t\t\t\t<div class=\"elementor-widget-wrap\">\n\t\t\t\t\t\t<section class=\"elementor-section elementor-inner-section elementor-element elementor-element-20b468fd elementor-section-boxed elementor-section-height-default elementor-section-height-default\" data-id=\"20b468fd\" data-element_type=\"section\">\n\t\t\t\t\t\t<div class=\"elementor-container elementor-column-gap-thegem\">\n\t\t\t\t\t\t\t<div class=\"elementor-row\">\n\t\t\t\t\t<div class=\"elementor-column elementor-col-50 elementor-inner-column elementor-element elementor-element-704a5fae\" data-id=\"704a5fae\" data-element_type=\"column\">\n\t\t\t<div class=\"elementor-column-wrap elementor-element-populated\">\n\t\t\t\t\t\t\t<div class=\"elementor-widget-wrap\">\n\t\t\t\t\t\t<div class=\"elementor-element elementor-element-49655918 elementor-widget__width-auto flex-horizontal-align-default flex-horizontal-align-tablet-default flex-horizontal-align-mobile-default flex-vertical-align-default flex-vertical-align-tablet-default flex-vertical-align-mobile-default elementor-widget elementor-widget-text-editor\" data-id=\"49655918\" data-element_type=\"widget\" data-widget_type=\"text-editor.default\">\n\t\t\t\t<div class=\"elementor-widget-container\">\n\t\t\t\t\t\t\t\t<div class=\"elementor-text-editor elementor-clearfix\">\n\t\t\t\t<p>AHC-2022 PDF<\/p>\t\t\t\t\t<\/div>\n\t\t\t\t\t\t<\/div>\n\t\t\t\t<\/div>\n\t\t\t\t<div class=\"elementor-element elementor-element-70035e99 elementor-widget__width-auto elementor-view-default flex-horizontal-align-default flex-horizontal-align-tablet-default flex-horizontal-align-mobile-default flex-vertical-align-default flex-vertical-align-tablet-default flex-vertical-align-mobile-default elementor-widget elementor-widget-icon\" data-id=\"70035e99\" data-element_type=\"widget\" data-widget_type=\"icon.default\">\n\t\t\t\t<div class=\"elementor-widget-container\">\n\t\t\t\t\t<div class=\"elementor-icon-wrapper\">\n\t\t\t<div class=\"elementor-icon\">\n\t\t\t<i aria-hidden=\"true\" class=\"fas fa-file-pdf\"><\/i>\t\t\t<\/div>\n\t\t<\/div>\n\t\t\t\t<\/div>\n\t\t\t\t<\/div>\n\t\t\t\t<div class=\"elementor-element elementor-element-3fa66f5b flex-horizontal-align-default flex-horizontal-align-tablet-default flex-horizontal-align-mobile-default flex-vertical-align-default flex-vertical-align-tablet-default flex-vertical-align-mobile-default elementor-widget elementor-widget-text-editor\" data-id=\"3fa66f5b\" data-element_type=\"widget\" data-widget_type=\"text-editor.default\">\n\t\t\t\t<div class=\"elementor-widget-container\">\n\t\t\t\t\t\t\t\t<div class=\"elementor-text-editor elementor-clearfix\">\n\t\t\t\t<p><b>SIZE<\/b>: 976 KB<\/p>\t\t\t\t\t<\/div>\n\t\t\t\t\t\t<\/div>\n\t\t\t\t<\/div>\n\t\t\t\t\t\t<\/div>\n\t\t\t\t\t<\/div>\n\t\t<\/div>\n\t\t\t\t<div class=\"elementor-column elementor-col-50 elementor-inner-column elementor-element elementor-element-3263ebfc\" data-id=\"3263ebfc\" data-element_type=\"column\">\n\t\t\t<div class=\"elementor-column-wrap elementor-element-populated\">\n\t\t\t\t\t\t\t<div class=\"elementor-widget-wrap\">\n\t\t\t\t\t\t<div class=\"elementor-element elementor-element-7b5715b elementor-widget__width-auto flex-horizontal-align-default flex-horizontal-align-tablet-default flex-horizontal-align-mobile-default flex-vertical-align-default flex-vertical-align-tablet-default flex-vertical-align-mobile-default elementor-widget elementor-widget-button\" data-id=\"7b5715b\" data-element_type=\"widget\" data-widget_type=\"button.default\">\n\t\t\t\t<div class=\"elementor-widget-container\">\n\t\t\t\t\t<div class=\"elementor-button-wrapper\">\n\t\t\t<a class=\"elementor-button elementor-button-link elementor-size-xs\" href=\"https:\/\/berkinengineering.com\/wp-content\/uploads\/2023\/07\/BERKIN_A4FOY_SPTelefonSistemleri_EN.pdf\" target=\"_blank\">\n\t\t\t\t\t\t<span class=\"elementor-button-content-wrapper\">\n\t\t\t\t\t\t<span class=\"elementor-button-text\">View<\/span>\n\t\t<\/span>\n\t\t\t\t\t<\/a>\n\t\t<\/div>\n\t\t\t\t<\/div>\n\t\t\t\t<\/div>\n\t\t\t\t<div class=\"elementor-element elementor-element-21f89c44 elementor-widget__width-auto flex-horizontal-align-default flex-horizontal-align-tablet-default flex-horizontal-align-mobile-default flex-vertical-align-default flex-vertical-align-tablet-default flex-vertical-align-mobile-default elementor-widget elementor-widget-button\" data-id=\"21f89c44\" data-element_type=\"widget\" data-widget_type=\"button.default\">\n\t\t\t\t<div class=\"elementor-widget-container\">\n\t\t\t\t\t<div class=\"elementor-button-wrapper\">\n\t\t\t<a class=\"elementor-button elementor-button-link elementor-size-xs\" href=\"https:\/\/berkinengineering.com\/wp-content\/uploads\/2023\/07\/BERKIN_A4FOY_SPTelefonSistemleri_EN.pdf\" target=\"_blank\" download=\"NS-0208x3_TUR-0.00.pdf\">\n\t\t\t\t\t\t<span class=\"elementor-button-content-wrapper\">\n\t\t\t\t\t\t<span class=\"elementor-button-text\">Download<\/span>\n\t\t<\/span>\n\t\t\t\t\t<\/a>\n\t\t<\/div>\n\t\t\t\t<\/div>\n\t\t\t\t<\/div>\n\t\t\t\t\t\t<\/div>\n\t\t\t\t\t<\/div>\n\t\t<\/div>\n\t\t\t\t\t\t\t\t<\/div>\n\t\t\t\t\t<\/div>\n\t\t<\/section>\n\t\t\t\t\t\t<\/div>\n\t\t\t\t\t<\/div>\n\t\t<\/div>\n\t\t\t\t\t\t\t\t<\/div>\n\t\t\t\t\t<\/div>\n\t\t<\/section>\n\t\t\t\t\t\t\t\t\t<\/div>\n\t\t\t<\/div>\n\t\t\t\t\t<\/div>","protected":false},"excerpt":{"rendered":"<p>AHC-2022 AHC-2022 SP TELEFON S\u0130STEM\u0130 \u0130leti\u015fim kurmak i\u00e7in gerekli enerji sadece kullan\u0131c\u0131n\u0131n sesinden gelir. Akustik enerji elektri\u011fe ve daha sonra&#8230;<\/p>","protected":false},"author":4,"featured_media":0,"parent":31125,"menu_order":0,"comment_status":"closed","ping_status":"closed","template":"elementor_header_footer","meta":{"footnotes":""},"_links":{"self":[{"href":"https:\/\/berkinengineering.com\/en\/wp-json\/wp\/v2\/pages\/31705"}],"collection":[{"href":"https:\/\/berkinengineering.com\/en\/wp-json\/wp\/v2\/pages"}],"about":[{"href":"https:\/\/berkinengineering.com\/en\/wp-json\/wp\/v2\/types\/page"}],"author":[{"embeddable":true,"href":"https:\/\/berkinengineering.com\/en\/wp-json\/wp\/v2\/users\/4"}],"replies":[{"embeddable":true,"href":"https:\/\/berkinengineering.com\/en\/wp-json\/wp\/v2\/comments?post=31705"}],"version-history":[{"count":43,"href":"https:\/\/berkinengineering.com\/en\/wp-json\/wp\/v2\/pages\/31705\/revisions"}],"predecessor-version":[{"id":35109,"href":"https:\/\/berkinengineering.com\/en\/wp-json\/wp\/v2\/pages\/31705\/revisions\/35109"}],"up":[{"embeddable":true,"href":"https:\/\/berkinengineering.com\/en\/wp-json\/wp\/v2\/pages\/31125"}],"wp:attachment":[{"href":"https:\/\/berkinengineering.com\/en\/wp-json\/wp\/v2\/media?parent=31705"}],"curies":[{"name":"wp","href":"https:\/\/api.w.org\/{rel}","templated":true}]}}