{"id":31602,"date":"2023-07-26T10:44:18","date_gmt":"2023-07-26T07:44:18","guid":{"rendered":"https:\/\/berkinengineering.com\/?page_id=31602"},"modified":"2024-02-21T11:17:46","modified_gmt":"2024-02-21T08:17:46","slug":"sp-2022-p-24-ext","status":"publish","type":"page","link":"https:\/\/berkinengineering.com\/en\/sp-telefon-sistemleri\/sp-2022-p-24-ext\/","title":{"rendered":"SP-2022 (P) 24 EXT"},"content":{"rendered":"<div data-elementor-type=\"wp-page\" data-elementor-id=\"31602\" class=\"elementor elementor-31602\">\n\t\t\t\t\t\t<div class=\"elementor-inner\">\n\t\t\t\t<div class=\"elementor-section-wrap\">\n\t\t\t\t\t\t\t\t\t<section class=\"elementor-section elementor-top-section elementor-element elementor-element-10f913b elementor-section-full_width elementor-section-height-default elementor-section-height-default\" data-id=\"10f913b\" data-element_type=\"section\" data-settings=\"{&quot;background_background&quot;:&quot;classic&quot;,&quot;thegem_parallax_activate&quot;:&quot;yes&quot;,&quot;thegem_parallax_type&quot;:&quot;vertical&quot;}\">\n\t\t\t\t\t\t<div class=\"elementor-container elementor-column-gap-thegem\">\n\t\t\t\t\t\t\t<div class=\"elementor-row\">\n\t\t\t\t\t<div class=\"elementor-column elementor-col-50 elementor-top-column elementor-element elementor-element-0f1e0f8\" data-id=\"0f1e0f8\" data-element_type=\"column\">\n\t\t\t<div class=\"elementor-column-wrap elementor-element-populated\">\n\t\t\t\t\t\t\t<div class=\"elementor-widget-wrap\">\n\t\t\t\t\t\t<div class=\"elementor-element elementor-element-963db51 elementor-hidden-phone elementor-hidden-tablet flex-horizontal-align-default flex-horizontal-align-tablet-default flex-horizontal-align-mobile-default flex-vertical-align-default flex-vertical-align-tablet-default flex-vertical-align-mobile-default elementor-widget elementor-widget-heading\" data-id=\"963db51\" data-element_type=\"widget\" data-widget_type=\"heading.default\">\n\t\t\t\t<div class=\"elementor-widget-container\">\n\t\t\t<h1 class=\"elementor-heading-title elementor-size-xxl\">SP2022 (P) 24 EXT<\/h1>\t\t<\/div>\n\t\t\t\t<\/div>\n\t\t\t\t<div class=\"elementor-element elementor-element-ba99d44 elementor-hidden-desktop flex-horizontal-align-default flex-horizontal-align-tablet-default flex-horizontal-align-mobile-default flex-vertical-align-default flex-vertical-align-tablet-default flex-vertical-align-mobile-default elementor-widget elementor-widget-heading\" data-id=\"ba99d44\" data-element_type=\"widget\" data-widget_type=\"heading.default\">\n\t\t\t\t<div class=\"elementor-widget-container\">\n\t\t\t<h1 class=\"elementor-heading-title elementor-size-xl\">SP2022 (P) 24 EXT<\/h1>\t\t<\/div>\n\t\t\t\t<\/div>\n\t\t\t\t<div class=\"elementor-element elementor-element-af89830 elementor-hidden-desktop elementor-hidden-tablet flex-horizontal-align-default flex-horizontal-align-tablet-default flex-horizontal-align-mobile-default flex-vertical-align-default flex-vertical-align-tablet-default flex-vertical-align-mobile-default elementor-widget elementor-widget-image\" data-id=\"af89830\" data-element_type=\"widget\" data-widget_type=\"image.default\">\n\t\t\t\t<div class=\"elementor-widget-container\">\n\t\t\t\t\t\t\t\t<div class=\"elementor-image\">\n\t\t\t\t\t\t\t\t\t\t\t\t<img decoding=\"async\" width=\"500\" height=\"500\" src=\"https:\/\/berkinengineering.com\/wp-content\/uploads\/2024\/02\/Adsiz_tasarim__7_-removebg-preview.png\" class=\"attachment-full size-full wp-image-35102\" alt=\"\" \/>\t\t\t\t\t\t\t\t\t\t\t\t\t\t<\/div>\n\t\t\t\t\t\t<\/div>\n\t\t\t\t<\/div>\n\t\t\t\t<div class=\"elementor-element elementor-element-ad58837 elementor-hidden-desktop elementor-hidden-tablet flex-horizontal-align-default flex-horizontal-align-tablet-default flex-horizontal-align-mobile-default flex-vertical-align-default flex-vertical-align-tablet-default flex-vertical-align-mobile-default elementor-widget elementor-widget-image\" data-id=\"ad58837\" data-element_type=\"widget\" data-widget_type=\"image.default\">\n\t\t\t\t<div class=\"elementor-widget-container\">\n\t\t\t\t\t\t\t\t<div class=\"elementor-image\">\n\t\t\t\t\t\t\t\t\t\t\t\t<img decoding=\"async\" width=\"4025\" height=\"677\" src=\"https:\/\/berkinengineering.com\/wp-content\/uploads\/2021\/06\/Berkin_Amblem.png\" class=\"attachment-full size-full wp-image-26338\" alt=\"\" srcset=\"https:\/\/berkinengineering.com\/wp-content\/uploads\/2021\/06\/Berkin_Amblem.png 4025w, https:\/\/berkinengineering.com\/wp-content\/uploads\/2021\/06\/Berkin_Amblem-300x50.png 300w, https:\/\/berkinengineering.com\/wp-content\/uploads\/2021\/06\/Berkin_Amblem-1024x172.png 1024w, https:\/\/berkinengineering.com\/wp-content\/uploads\/2021\/06\/Berkin_Amblem-768x129.png 768w, https:\/\/berkinengineering.com\/wp-content\/uploads\/2021\/06\/Berkin_Amblem-1536x258.png 1536w, https:\/\/berkinengineering.com\/wp-content\/uploads\/2021\/06\/Berkin_Amblem-2048x344.png 2048w\" sizes=\"(max-width: 4025px) 100vw, 4025px\" \/>\t\t\t\t\t\t\t\t\t\t\t\t\t\t<\/div>\n\t\t\t\t\t\t<\/div>\n\t\t\t\t<\/div>\n\t\t\t\t<div class=\"elementor-element elementor-element-52f176a flex-horizontal-align-default flex-horizontal-align-tablet-default flex-horizontal-align-mobile-default flex-vertical-align-default flex-vertical-align-tablet-default flex-vertical-align-mobile-default elementor-widget elementor-widget-text-editor\" data-id=\"52f176a\" data-element_type=\"widget\" data-widget_type=\"text-editor.default\">\n\t\t\t\t<div class=\"elementor-widget-container\">\n\t\t\t\t\t\t\t\t<div class=\"elementor-text-editor elementor-clearfix\">\n\t\t\t\t<p>SP TELEPHONE SYSTEMS<\/p><p>The energy required to communicate comes only from the sound of the user. Acoustic energy is converted into electricity and then from electrical to acoustic. All of our voice-operated phones are made of polymer alloy which provides excellent chemical resistance,  high impact resistance, non-flammability and stability to ultraviolet light. Such telephones are used in situations where security is critical in communication, such as in combat systems on military ships. Our sound-powered telephone systems are MIL-STD compliant.<\/p>\t\t\t\t\t<\/div>\n\t\t\t\t\t\t<\/div>\n\t\t\t\t<\/div>\n\t\t\t\t\t\t<\/div>\n\t\t\t\t\t<\/div>\n\t\t<\/div>\n\t\t\t\t<div class=\"elementor-column elementor-col-50 elementor-top-column elementor-element elementor-element-0b6e09e\" data-id=\"0b6e09e\" data-element_type=\"column\">\n\t\t\t<div class=\"elementor-column-wrap elementor-element-populated\">\n\t\t\t\t\t\t\t<div class=\"elementor-widget-wrap\">\n\t\t\t\t\t\t<div class=\"elementor-element elementor-element-a4d1c7f elementor-hidden-phone flex-horizontal-align-default flex-horizontal-align-tablet-default flex-horizontal-align-mobile-default flex-vertical-align-default flex-vertical-align-tablet-default flex-vertical-align-mobile-default elementor-invisible elementor-widget elementor-widget-image\" data-id=\"a4d1c7f\" data-element_type=\"widget\" data-settings=\"{&quot;_animation&quot;:&quot;zoomIn&quot;}\" data-widget_type=\"image.default\">\n\t\t\t\t<div class=\"elementor-widget-container\">\n\t\t\t\t\t\t\t\t<div class=\"elementor-image\">\n\t\t\t\t\t\t\t\t\t\t\t\t<img decoding=\"async\" width=\"500\" height=\"500\" src=\"https:\/\/berkinengineering.com\/wp-content\/uploads\/2024\/02\/Adsiz_tasarim__7_-removebg-preview.png\" class=\"attachment-full size-full wp-image-35102\" alt=\"\" \/>\t\t\t\t\t\t\t\t\t\t\t\t\t\t<\/div>\n\t\t\t\t\t\t<\/div>\n\t\t\t\t<\/div>\n\t\t\t\t<div class=\"elementor-element elementor-element-5c354fe elementor-hidden-phone flex-horizontal-align-default flex-horizontal-align-tablet-default flex-horizontal-align-mobile-default flex-vertical-align-default flex-vertical-align-tablet-default flex-vertical-align-mobile-default elementor-widget elementor-widget-image\" data-id=\"5c354fe\" data-element_type=\"widget\" data-widget_type=\"image.default\">\n\t\t\t\t<div class=\"elementor-widget-container\">\n\t\t\t\t\t\t\t\t<div class=\"elementor-image\">\n\t\t\t\t\t\t\t\t\t\t\t\t<img decoding=\"async\" width=\"4025\" height=\"677\" src=\"https:\/\/berkinengineering.com\/wp-content\/uploads\/2021\/06\/Berkin_Amblem.png\" class=\"attachment-full size-full wp-image-26338\" alt=\"\" srcset=\"https:\/\/berkinengineering.com\/wp-content\/uploads\/2021\/06\/Berkin_Amblem.png 4025w, https:\/\/berkinengineering.com\/wp-content\/uploads\/2021\/06\/Berkin_Amblem-300x50.png 300w, https:\/\/berkinengineering.com\/wp-content\/uploads\/2021\/06\/Berkin_Amblem-1024x172.png 1024w, https:\/\/berkinengineering.com\/wp-content\/uploads\/2021\/06\/Berkin_Amblem-768x129.png 768w, https:\/\/berkinengineering.com\/wp-content\/uploads\/2021\/06\/Berkin_Amblem-1536x258.png 1536w, https:\/\/berkinengineering.com\/wp-content\/uploads\/2021\/06\/Berkin_Amblem-2048x344.png 2048w\" sizes=\"(max-width: 4025px) 100vw, 4025px\" \/>\t\t\t\t\t\t\t\t\t\t\t\t\t\t<\/div>\n\t\t\t\t\t\t<\/div>\n\t\t\t\t<\/div>\n\t\t\t\t\t\t<\/div>\n\t\t\t\t\t<\/div>\n\t\t<\/div>\n\t\t\t\t\t\t\t\t<\/div>\n\t\t\t\t\t<\/div>\n\t\t<\/section>\n\t\t\t\t<section class=\"elementor-section elementor-top-section elementor-element elementor-element-4b9a53e elementor-section-boxed elementor-section-height-default elementor-section-height-default\" data-id=\"4b9a53e\" data-element_type=\"section\" data-settings=\"{&quot;background_background&quot;:&quot;classic&quot;}\">\n\t\t\t\t\t\t<div class=\"elementor-container elementor-column-gap-thegem\">\n\t\t\t\t\t\t\t<div class=\"elementor-row\">\n\t\t\t\t\t<div class=\"elementor-column elementor-col-100 elementor-top-column elementor-element elementor-element-e6f3031\" data-id=\"e6f3031\" data-element_type=\"column\">\n\t\t\t<div class=\"elementor-column-wrap elementor-element-populated\">\n\t\t\t\t\t\t\t<div class=\"elementor-widget-wrap\">\n\t\t\t\t\t\t<div class=\"elementor-element elementor-element-632c7b2c flex-horizontal-align-default flex-horizontal-align-tablet-default flex-horizontal-align-mobile-default flex-vertical-align-default flex-vertical-align-tablet-default flex-vertical-align-mobile-default elementor-widget elementor-widget-thegem-tabs\" data-id=\"632c7b2c\" data-element_type=\"widget\" data-settings=\"{&quot;thegem_elementor_preset&quot;:&quot;classic&quot;}\" data-widget_type=\"thegem-tabs.default\">\n\t\t\t\t<div class=\"elementor-widget-container\">\n\t\t\t\n\t\t<div class=\"gem-tta-container\" data-vc-action=\"collapse\" >\n\t\t\t<div class=\"gem-tta-general gem-tta gem-tta-tabs gem-tta-color-thegem gem-tta-shape-rounded gem-tta-nogap gem-tta-style-classic gem-tta-tabs-position-top gem-tta-controls-align-left\">\n\t\t\t\t<div class=\"gem-tta-panels-container\">\n\t\t\t\t\t<div class=\"gem-tta-panels\">\n\n\t\t\t\t\t\t\n\t\t\t\t\t\t<div id=\"section-632c7b2c-1\" class=\"gem-tta-panel gem-tta-active\" data-vc-content=\".gem-tta-panel-body\">\n\t\t\t\t\t\t\t<div class=\"gem-tta-panel-heading\">\n\t\t\t\t\t\t\t\t<h4 class=\"gem-tta-panel-title\">\n\t\t\t\t\t\t\t\t\t<a href=\"#section-632c7b2c-1\" data-vc-accordion data-vc-container=\".gem-tta-container\">\n\t\t\t\t\t\t\t\t\t\t\t\t\t\t\t\t\t\t\t\t<span class=\"gem-tta-title-text\">\n\t\t\t\t\t\t\t\t\t\t\t<b>Technicial Specifications<\/b>\t\t\t\t\t\t\t\t\t\t<\/span>\n\t\t\t\t\t\t\t\t\t<\/a>\n\t\t\t\t\t\t\t\t<\/h4>\n\t\t\t\t\t\t\t<\/div>\n\t\t\t\t\t\t\t<div class=\"gem-tta-panel-body gem-tta-panel-respbody\">\n\t\t\t\t\t\t\t\t<div class=\"gem-text-output\"><div>\n<div style=\"line-height: 2;\">\n<ul>\n<li>\n<p><b>Acoustic Alarm:&nbsp;<\/b><span style=\"background-color: transparent; font-size: 1em;\">80 dB (1 m)<\/span><\/p>\n<\/li>\n<li>\n<p><span style=\"background-color: transparent; font-size: 1em;\"><b>Alarm Source: -<\/b><\/span><\/p>\n<\/li>\n<li>\n<p><span style=\"background-color: transparent; font-size: 1em;\"><b>Operating Temperature:&nbsp;<\/b><\/span><span style=\"background-color: transparent; font-size: 1em;\">-20\u00baC to +50\u00baC<\/span><\/p>\n<\/li>\n<li>\n<p><span style=\"background-color: transparent; font-size: 1em;\"><b>Relative humidity:&nbsp;<\/b><\/span><span style=\"background-color: transparent; font-size: 1em;\">Up to 95% (Non Condensing)<\/span><\/p>\n<\/li>\n<li>\n<p><span style=\"background-color: transparent; font-size: 1em;\"><b>Assembly:&nbsp;<\/b><\/span><span style=\"background-color: transparent; font-size: 1em;\">Portable<\/span><\/p>\n<\/li>\n<li>\n<p><span style=\"background-color: transparent; font-size: 1em;\"><b>Weight:&nbsp;<\/b><\/span><span style=\"background-color: transparent; font-size: 1em;\">Approx. 2 kg<\/span><\/p>\n<\/li>\n<li>\n<p><span style=\"background-color: transparent; font-size: 1em;\"><b>IP:<\/b> 54<\/span><\/p>\n<\/li>\n<li>\n<p><span style=\"background-color: transparent; font-size: 1em;\"><b>Connector:&nbsp;<\/b><\/span><span style=\"background-color: transparent; font-size: 1em;\">H-27-A<\/span><\/p>\n<\/li>\n<\/ul>\n<div style=\"padding-left: 40px;\">\n<\/div>\n<\/div>\n<\/div><\/div>\t\t\t\t\t\t\t<\/div>\n\t\t\t\t\t\t<\/div>\n\t\t\t\t\t\n\t\t\t\t\t\t<div id=\"section-632c7b2c-2\" class=\"gem-tta-panel\" data-vc-content=\".gem-tta-panel-body\">\n\t\t\t\t\t\t\t<div class=\"gem-tta-panel-heading\">\n\t\t\t\t\t\t\t\t<h4 class=\"gem-tta-panel-title\">\n\t\t\t\t\t\t\t\t\t<a href=\"#section-632c7b2c-2\" data-vc-accordion data-vc-container=\".gem-tta-container\">\n\t\t\t\t\t\t\t\t\t\t\t\t\t\t\t\t\t\t\t\t<span class=\"gem-tta-title-text\">\n\t\t\t\t\t\t\t\t\t\t\t<b>Highlights<\/b>\t\t\t\t\t\t\t\t\t\t<\/span>\n\t\t\t\t\t\t\t\t\t<\/a>\n\t\t\t\t\t\t\t\t<\/h4>\n\t\t\t\t\t\t\t<\/div>\n\t\t\t\t\t\t\t<div class=\"gem-tta-panel-body gem-tta-panel-respbody\">\n\t\t\t\t\t\t\t\t<div class=\"gem-text-output\"><div>\n<div>\n<div>\n<div>\n<div>\n<ul>\n<li>24 \u00c7\u0131k\u0131\u015fl\u0131 Ta\u015f\u0131nabilir Telefon<\/li>\n<\/ul>\n<\/div>\n<\/div>\n<\/div>\n<\/div>\n<\/div><\/div>\t\t\t\t\t\t\t<\/div>\n\t\t\t\t\t\t<\/div>\n\t\t\t\t\t\t\t\t\t<\/div>\n\t\t\t\t<\/div>\n\t\t\t\t<div class=\"gem-tta-tabs-container gem-tta-tabs-icon-position-left\">\n\t\t\t\t\t<ul class=\"gem-tta-tabs-list\">\n\n\t\t\t\t\t\t\n\t\t\t\t\t\t<li class=\"gem-tta-tab gem-tta-active\" data-vc-tab data-vc-tab-index=\"0\">\n\t\t\t\t\t\t\t\t\t\t\t\t\t\t\t<a href=\"#section-632c7b2c-1\" data-vc-tabs data-vc-container=\".gem-tta\">\n\t\t\t\t\t\t\t\t\t<span class=\"gem-tta-icon\">\n\t\t\t\t\t\t\t\t\t\t \t\t\t\t\t\t\t\t\t<\/span>\n\t\t\t\t\t\t\t\t\t<span class=\"gem-tta-title-text\">\n\t\t\t\t\t\t\t\t\t\t<b>Technicial Specifications<\/b>\t\t\t\t\t\t\t\t\t<\/span>\n\t\t\t\t\t\t\t\t<\/a>\n\t\t\t\t\t\t\t\t\t\t\t\t\t<\/li>\n\t\t\t\t\t\n\t\t\t\t\t\t<li class=\"gem-tta-tab\" data-vc-tab data-vc-tab-index=\"1\">\n\t\t\t\t\t\t\t\t\t\t\t\t\t\t\t<a href=\"#section-632c7b2c-2\" data-vc-tabs data-vc-container=\".gem-tta\">\n\t\t\t\t\t\t\t\t\t<span class=\"gem-tta-icon\">\n\t\t\t\t\t\t\t\t\t\t \t\t\t\t\t\t\t\t\t<\/span>\n\t\t\t\t\t\t\t\t\t<span class=\"gem-tta-title-text\">\n\t\t\t\t\t\t\t\t\t\t<b>Highlights<\/b>\t\t\t\t\t\t\t\t\t<\/span>\n\t\t\t\t\t\t\t\t<\/a>\n\t\t\t\t\t\t\t\t\t\t\t\t\t<\/li>\n\t\t\t\t\t\t\t\t\t\t<\/ul>\n\t\t\t\t<\/div>\n\t\t\t<\/div>\n\t\t<\/div>\n\n\t\t\t\t<\/div>\n\t\t\t\t<\/div>\n\t\t\t\t\t\t<\/div>\n\t\t\t\t\t<\/div>\n\t\t<\/div>\n\t\t\t\t\t\t\t\t<\/div>\n\t\t\t\t\t<\/div>\n\t\t<\/section>\n\t\t\t\t<section class=\"elementor-section elementor-top-section elementor-element elementor-element-905e354 elementor-section-content-middle elementor-section-boxed elementor-section-height-default elementor-section-height-default\" data-id=\"905e354\" data-element_type=\"section\" data-settings=\"{&quot;background_background&quot;:&quot;classic&quot;,&quot;animation&quot;:&quot;none&quot;}\">\n\t\t\t\t\t\t<div class=\"elementor-container elementor-column-gap-thegem\">\n\t\t\t\t\t\t\t<div class=\"elementor-row\">\n\t\t\t\t\t<div class=\"elementor-column elementor-col-100 elementor-top-column elementor-element elementor-element-76a78cfe\" data-id=\"76a78cfe\" data-element_type=\"column\" data-settings=\"{&quot;animation&quot;:&quot;none&quot;}\">\n\t\t\t<div class=\"elementor-column-wrap elementor-element-populated\">\n\t\t\t\t\t\t\t<div class=\"elementor-widget-wrap\">\n\t\t\t\t\t\t<section class=\"elementor-section elementor-inner-section elementor-element elementor-element-4cfd5095 elementor-section-boxed elementor-section-height-default elementor-section-height-default\" data-id=\"4cfd5095\" data-element_type=\"section\">\n\t\t\t\t\t\t<div class=\"elementor-container elementor-column-gap-thegem\">\n\t\t\t\t\t\t\t<div class=\"elementor-row\">\n\t\t\t\t\t<div class=\"elementor-column elementor-col-50 elementor-inner-column elementor-element elementor-element-11512868\" data-id=\"11512868\" data-element_type=\"column\">\n\t\t\t<div class=\"elementor-column-wrap elementor-element-populated\">\n\t\t\t\t\t\t\t<div class=\"elementor-widget-wrap\">\n\t\t\t\t\t\t<div class=\"elementor-element elementor-element-4ba7447a elementor-widget__width-auto flex-horizontal-align-default flex-horizontal-align-tablet-default flex-horizontal-align-mobile-default flex-vertical-align-default flex-vertical-align-tablet-default flex-vertical-align-mobile-default elementor-widget elementor-widget-text-editor\" data-id=\"4ba7447a\" data-element_type=\"widget\" data-widget_type=\"text-editor.default\">\n\t\t\t\t<div class=\"elementor-widget-container\">\n\t\t\t\t\t\t\t\t<div class=\"elementor-text-editor elementor-clearfix\">\n\t\t\t\t<p>SP2022 (P) 24 EXT PDF\u00a0<\/p>\t\t\t\t\t<\/div>\n\t\t\t\t\t\t<\/div>\n\t\t\t\t<\/div>\n\t\t\t\t<div class=\"elementor-element elementor-element-689af4f4 elementor-widget__width-auto elementor-view-default flex-horizontal-align-default flex-horizontal-align-tablet-default flex-horizontal-align-mobile-default flex-vertical-align-default flex-vertical-align-tablet-default flex-vertical-align-mobile-default elementor-widget elementor-widget-icon\" data-id=\"689af4f4\" data-element_type=\"widget\" data-widget_type=\"icon.default\">\n\t\t\t\t<div class=\"elementor-widget-container\">\n\t\t\t\t\t<div class=\"elementor-icon-wrapper\">\n\t\t\t<div class=\"elementor-icon\">\n\t\t\t<i aria-hidden=\"true\" class=\"fas fa-file-pdf\"><\/i>\t\t\t<\/div>\n\t\t<\/div>\n\t\t\t\t<\/div>\n\t\t\t\t<\/div>\n\t\t\t\t<div class=\"elementor-element elementor-element-b30427 flex-horizontal-align-default flex-horizontal-align-tablet-default flex-horizontal-align-mobile-default flex-vertical-align-default flex-vertical-align-tablet-default flex-vertical-align-mobile-default elementor-widget elementor-widget-text-editor\" data-id=\"b30427\" data-element_type=\"widget\" data-widget_type=\"text-editor.default\">\n\t\t\t\t<div class=\"elementor-widget-container\">\n\t\t\t\t\t\t\t\t<div class=\"elementor-text-editor elementor-clearfix\">\n\t\t\t\t<p><b>SIZE<\/b>: 976 KB<\/p>\t\t\t\t\t<\/div>\n\t\t\t\t\t\t<\/div>\n\t\t\t\t<\/div>\n\t\t\t\t\t\t<\/div>\n\t\t\t\t\t<\/div>\n\t\t<\/div>\n\t\t\t\t<div class=\"elementor-column elementor-col-50 elementor-inner-column elementor-element elementor-element-3f113a6a\" data-id=\"3f113a6a\" data-element_type=\"column\">\n\t\t\t<div class=\"elementor-column-wrap elementor-element-populated\">\n\t\t\t\t\t\t\t<div class=\"elementor-widget-wrap\">\n\t\t\t\t\t\t<div class=\"elementor-element elementor-element-3a839ed3 elementor-widget__width-auto flex-horizontal-align-default flex-horizontal-align-tablet-default flex-horizontal-align-mobile-default flex-vertical-align-default flex-vertical-align-tablet-default flex-vertical-align-mobile-default elementor-widget elementor-widget-button\" data-id=\"3a839ed3\" data-element_type=\"widget\" data-widget_type=\"button.default\">\n\t\t\t\t<div class=\"elementor-widget-container\">\n\t\t\t\t\t<div class=\"elementor-button-wrapper\">\n\t\t\t<a class=\"elementor-button elementor-button-link elementor-size-xs\" href=\"https:\/\/berkinengineering.com\/wp-content\/uploads\/2023\/07\/BERKIN_A4FOY_SPTelefonSistemleri_EN.pdf\" target=\"_blank\">\n\t\t\t\t\t\t<span class=\"elementor-button-content-wrapper\">\n\t\t\t\t\t\t<span class=\"elementor-button-text\">View<\/span>\n\t\t<\/span>\n\t\t\t\t\t<\/a>\n\t\t<\/div>\n\t\t\t\t<\/div>\n\t\t\t\t<\/div>\n\t\t\t\t<div class=\"elementor-element elementor-element-6cbe24ab elementor-widget__width-auto flex-horizontal-align-default flex-horizontal-align-tablet-default flex-horizontal-align-mobile-default flex-vertical-align-default flex-vertical-align-tablet-default flex-vertical-align-mobile-default elementor-widget elementor-widget-button\" data-id=\"6cbe24ab\" data-element_type=\"widget\" data-widget_type=\"button.default\">\n\t\t\t\t<div class=\"elementor-widget-container\">\n\t\t\t\t\t<div class=\"elementor-button-wrapper\">\n\t\t\t<a class=\"elementor-button elementor-button-link elementor-size-xs\" href=\"https:\/\/berkinengineering.com\/wp-content\/uploads\/2023\/07\/BERKIN_A4FOY_SPTelefonSistemleri_EN.pdf\" target=\"_blank\" download=\"NS-0208x3_TUR-0.00.pdf\">\n\t\t\t\t\t\t<span class=\"elementor-button-content-wrapper\">\n\t\t\t\t\t\t<span class=\"elementor-button-text\">Download<\/span>\n\t\t<\/span>\n\t\t\t\t\t<\/a>\n\t\t<\/div>\n\t\t\t\t<\/div>\n\t\t\t\t<\/div>\n\t\t\t\t\t\t<\/div>\n\t\t\t\t\t<\/div>\n\t\t<\/div>\n\t\t\t\t\t\t\t\t<\/div>\n\t\t\t\t\t<\/div>\n\t\t<\/section>\n\t\t\t\t\t\t<\/div>\n\t\t\t\t\t<\/div>\n\t\t<\/div>\n\t\t\t\t\t\t\t\t<\/div>\n\t\t\t\t\t<\/div>\n\t\t<\/section>\n\t\t\t\t\t\t\t\t\t<\/div>\n\t\t\t<\/div>\n\t\t\t\t\t<\/div>","protected":false},"excerpt":{"rendered":"<p>SP2022 (P) 24 EXT SP2022 (P) 24 EXT SP TELEFON S\u0130STEM\u0130 \u0130leti\u015fim kurmak i\u00e7in gerekli enerji sadece kullan\u0131c\u0131n\u0131n sesinden gelir&#8230;.<\/p>","protected":false},"author":4,"featured_media":0,"parent":31125,"menu_order":0,"comment_status":"closed","ping_status":"closed","template":"elementor_header_footer","meta":{"footnotes":""},"_links":{"self":[{"href":"https:\/\/berkinengineering.com\/en\/wp-json\/wp\/v2\/pages\/31602"}],"collection":[{"href":"https:\/\/berkinengineering.com\/en\/wp-json\/wp\/v2\/pages"}],"about":[{"href":"https:\/\/berkinengineering.com\/en\/wp-json\/wp\/v2\/types\/page"}],"author":[{"embeddable":true,"href":"https:\/\/berkinengineering.com\/en\/wp-json\/wp\/v2\/users\/4"}],"replies":[{"embeddable":true,"href":"https:\/\/berkinengineering.com\/en\/wp-json\/wp\/v2\/comments?post=31602"}],"version-history":[{"count":32,"href":"https:\/\/berkinengineering.com\/en\/wp-json\/wp\/v2\/pages\/31602\/revisions"}],"predecessor-version":[{"id":35105,"href":"https:\/\/berkinengineering.com\/en\/wp-json\/wp\/v2\/pages\/31602\/revisions\/35105"}],"up":[{"embeddable":true,"href":"https:\/\/berkinengineering.com\/en\/wp-json\/wp\/v2\/pages\/31125"}],"wp:attachment":[{"href":"https:\/\/berkinengineering.com\/en\/wp-json\/wp\/v2\/media?parent=31602"}],"curies":[{"name":"wp","href":"https:\/\/api.w.org\/{rel}","templated":true}]}}