{"id":31135,"date":"2023-07-24T12:45:55","date_gmt":"2023-07-24T09:45:55","guid":{"rendered":"https:\/\/berkinengineering.com\/?page_id=31135"},"modified":"2023-07-26T14:33:37","modified_gmt":"2023-07-26T11:33:37","slug":"elementor-31135","status":"publish","type":"page","link":"https:\/\/berkinengineering.com\/en\/elementor-31135\/","title":{"rendered":"Meterolojik \u00d6l\u00e7\u00fcm Sistemi"},"content":{"rendered":"<div data-elementor-type=\"wp-post\" data-elementor-id=\"31135\" class=\"elementor elementor-31135\">\n\t\t\t\t\t\t<div class=\"elementor-inner\">\n\t\t\t\t<div class=\"elementor-section-wrap\">\n\t\t\t\t\t\t\t\t\t<section class=\"elementor-section elementor-top-section elementor-element elementor-element-5ae41f3f elementor-section-full_width elementor-section-content-middle elementor-section-height-default elementor-section-height-default\" data-id=\"5ae41f3f\" data-element_type=\"section\" data-settings=\"{&quot;background_background&quot;:&quot;classic&quot;}\">\n\t\t\t\t\t\t<div class=\"elementor-container elementor-column-gap-no\">\n\t\t\t\t\t\t\t<div class=\"elementor-row\">\n\t\t\t\t\t<div class=\"elementor-column elementor-col-100 elementor-top-column elementor-element elementor-element-1f62f4e3\" data-id=\"1f62f4e3\" data-element_type=\"column\">\n\t\t\t<div class=\"elementor-column-wrap elementor-element-populated\">\n\t\t\t\t\t\t\t<div class=\"elementor-widget-wrap\">\n\t\t\t\t\t\t<div class=\"elementor-element elementor-element-7b2be9cc elementor-hidden-phone flex-horizontal-align-default flex-horizontal-align-tablet-default flex-horizontal-align-mobile-default flex-vertical-align-default flex-vertical-align-tablet-default flex-vertical-align-mobile-default elementor-widget elementor-widget-heading\" data-id=\"7b2be9cc\" data-element_type=\"widget\" data-widget_type=\"heading.default\">\n\t\t\t\t<div class=\"elementor-widget-container\">\n\t\t\t<h1 class=\"elementor-heading-title elementor-size-xxl\">meteOrolojik \u00f6l\u00e7\u00fcm sistemi<\/h1>\t\t<\/div>\n\t\t\t\t<\/div>\n\t\t\t\t<div class=\"elementor-element elementor-element-71aa02c elementor-hidden-desktop elementor-hidden-tablet flex-horizontal-align-default flex-horizontal-align-tablet-default flex-horizontal-align-mobile-default flex-vertical-align-default flex-vertical-align-tablet-default flex-vertical-align-mobile-default elementor-widget elementor-widget-heading\" data-id=\"71aa02c\" data-element_type=\"widget\" data-widget_type=\"heading.default\">\n\t\t\t\t<div class=\"elementor-widget-container\">\n\t\t\t<h1 class=\"elementor-heading-title elementor-size-large\">Multi Functional<br>Displays<\/h1>\t\t<\/div>\n\t\t\t\t<\/div>\n\t\t\t\t\t\t<\/div>\n\t\t\t\t\t<\/div>\n\t\t<\/div>\n\t\t\t\t\t\t\t\t<\/div>\n\t\t\t\t\t<\/div>\n\t\t<\/section>\n\t\t\t\t<section class=\"elementor-section elementor-top-section elementor-element elementor-element-47820845 elementor-section-boxed elementor-section-height-default elementor-section-height-default\" data-id=\"47820845\" data-element_type=\"section\" data-settings=\"{&quot;background_background&quot;:&quot;classic&quot;}\">\n\t\t\t\t\t\t<div class=\"elementor-container elementor-column-gap-thegem\">\n\t\t\t\t\t\t\t<div class=\"elementor-row\">\n\t\t\t\t\t<div class=\"elementor-column elementor-col-100 elementor-top-column elementor-element elementor-element-5f455376\" data-id=\"5f455376\" data-element_type=\"column\">\n\t\t\t<div class=\"elementor-column-wrap elementor-element-populated\">\n\t\t\t\t\t\t\t<div class=\"elementor-widget-wrap\">\n\t\t\t\t\t\t<div class=\"elementor-element elementor-element-308dc75 flex-horizontal-align-default flex-horizontal-align-tablet-default flex-horizontal-align-mobile-default flex-vertical-align-default flex-vertical-align-tablet-default flex-vertical-align-mobile-default elementor-widget elementor-widget-image\" data-id=\"308dc75\" data-element_type=\"widget\" data-settings=\"{&quot;_animation&quot;:&quot;none&quot;}\" data-widget_type=\"image.default\">\n\t\t\t\t<div class=\"elementor-widget-container\">\n\t\t\t\t\t\t\t\t<div class=\"elementor-image\">\n\t\t\t\t\t\t\t\t\t\t\t\t\t<a href=\"https:\/\/berkinengineering.com\/en\/cok-maksatli-karbon-fiber-askeri-konsol\/karbon-fiber-askeri-konsol\/\">\n\t\t\t\t\t\t\t<img decoding=\"async\" width=\"139\" height=\"300\" src=\"https:\/\/berkinengineering.com\/wp-content\/uploads\/2023\/07\/MicrosoftTeams-image-2-139x300.jpg\" class=\"elementor-animation-float attachment-medium size-medium wp-image-31479\" alt=\"\" srcset=\"https:\/\/berkinengineering.com\/wp-content\/uploads\/2023\/07\/MicrosoftTeams-image-2-139x300.jpg 139w, https:\/\/berkinengineering.com\/wp-content\/uploads\/2023\/07\/MicrosoftTeams-image-2-475x1024.jpg 475w, https:\/\/berkinengineering.com\/wp-content\/uploads\/2023\/07\/MicrosoftTeams-image-2-768x1655.jpg 768w, https:\/\/berkinengineering.com\/wp-content\/uploads\/2023\/07\/MicrosoftTeams-image-2-713x1536.jpg 713w, https:\/\/berkinengineering.com\/wp-content\/uploads\/2023\/07\/MicrosoftTeams-image-2-951x2048.jpg 951w, https:\/\/berkinengineering.com\/wp-content\/uploads\/2023\/07\/MicrosoftTeams-image-2-6x12.jpg 6w, https:\/\/berkinengineering.com\/wp-content\/uploads\/2023\/07\/MicrosoftTeams-image-2-scaled.jpg 1188w\" sizes=\"(max-width: 139px) 100vw, 139px\" \/>\t\t\t\t\t\t\t\t<\/a>\n\t\t\t\t\t\t\t\t\t\t\t\t\t\t<\/div>\n\t\t\t\t\t\t<\/div>\n\t\t\t\t<\/div>\n\t\t\t\t<div class=\"elementor-element elementor-element-63e28f1 elementor-hidden-phone flex-horizontal-align-default flex-horizontal-align-tablet-default flex-horizontal-align-mobile-default flex-vertical-align-default flex-vertical-align-tablet-default flex-vertical-align-mobile-default elementor-widget elementor-widget-heading\" data-id=\"63e28f1\" data-element_type=\"widget\" data-widget_type=\"heading.default\">\n\t\t\t\t<div class=\"elementor-widget-container\">\n\t\t\t<h1 class=\"elementor-heading-title elementor-size-large\">mETEOROLOJ\u0130K \u00d6L\u00c7\u00dcM S\u0130STEM\u0130<\/h1>\t\t<\/div>\n\t\t\t\t<\/div>\n\t\t\t\t\t\t<\/div>\n\t\t\t\t\t<\/div>\n\t\t<\/div>\n\t\t\t\t\t\t\t\t<\/div>\n\t\t\t\t\t<\/div>\n\t\t<\/section>\n\t\t\t\t\t\t\t\t\t<\/div>\n\t\t\t<\/div>\n\t\t\t\t\t<\/div>","protected":false},"excerpt":{"rendered":"<p>meteOrolojik \u00f6l\u00e7\u00fcm sistemi \u00c7ok FonksiyonluG\u00f6stergeler mETEOROLOJ\u0130K \u00d6L\u00c7\u00dcM S\u0130STEM\u0130<\/p>","protected":false},"author":4,"featured_media":0,"parent":0,"menu_order":0,"comment_status":"closed","ping_status":"closed","template":"elementor_header_footer","meta":{"footnotes":""},"_links":{"self":[{"href":"https:\/\/berkinengineering.com\/en\/wp-json\/wp\/v2\/pages\/31135"}],"collection":[{"href":"https:\/\/berkinengineering.com\/en\/wp-json\/wp\/v2\/pages"}],"about":[{"href":"https:\/\/berkinengineering.com\/en\/wp-json\/wp\/v2\/types\/page"}],"author":[{"embeddable":true,"href":"https:\/\/berkinengineering.com\/en\/wp-json\/wp\/v2\/users\/4"}],"replies":[{"embeddable":true,"href":"https:\/\/berkinengineering.com\/en\/wp-json\/wp\/v2\/comments?post=31135"}],"version-history":[{"count":15,"href":"https:\/\/berkinengineering.com\/en\/wp-json\/wp\/v2\/pages\/31135\/revisions"}],"predecessor-version":[{"id":31482,"href":"https:\/\/berkinengineering.com\/en\/wp-json\/wp\/v2\/pages\/31135\/revisions\/31482"}],"wp:attachment":[{"href":"https:\/\/berkinengineering.com\/en\/wp-json\/wp\/v2\/media?parent=31135"}],"curies":[{"name":"wp","href":"https:\/\/api.w.org\/{rel}","templated":true}]}}