{"id":28356,"date":"2021-07-05T11:40:55","date_gmt":"2021-07-05T08:40:55","guid":{"rendered":"http:\/\/demo.milscint.com\/berkin2\/?page_id=28356"},"modified":"2023-12-12T13:31:29","modified_gmt":"2023-12-12T10:31:29","slug":"dahili-haberlesme-sistemleri","status":"publish","type":"page","link":"https:\/\/berkinengineering.com\/en\/internal-communication-systems\/","title":{"rendered":"Internal Communication Systems"},"content":{"rendered":"<div data-elementor-type=\"wp-page\" data-elementor-id=\"28356\" class=\"elementor elementor-28356\">\n\t\t\t\t\t\t<div class=\"elementor-inner\">\n\t\t\t\t<div class=\"elementor-section-wrap\">\n\t\t\t\t\t\t\t\t\t<section class=\"elementor-section elementor-top-section elementor-element elementor-element-424e50e elementor-section-full_width elementor-section-content-middle elementor-section-height-default elementor-section-height-default\" data-id=\"424e50e\" data-element_type=\"section\" data-settings=\"{&quot;background_background&quot;:&quot;classic&quot;}\">\n\t\t\t\t\t\t<div class=\"elementor-container elementor-column-gap-no\">\n\t\t\t\t\t\t\t<div class=\"elementor-row\">\n\t\t\t\t\t<div class=\"elementor-column elementor-col-100 elementor-top-column elementor-element elementor-element-ceac745\" data-id=\"ceac745\" data-element_type=\"column\">\n\t\t\t<div class=\"elementor-column-wrap elementor-element-populated\">\n\t\t\t\t\t\t\t<div class=\"elementor-widget-wrap\">\n\t\t\t\t\t\t<div class=\"elementor-element elementor-element-0007dd0 flex-horizontal-align-default flex-horizontal-align-tablet-default flex-horizontal-align-mobile-default flex-vertical-align-default flex-vertical-align-tablet-default flex-vertical-align-mobile-default elementor-widget elementor-widget-heading\" data-id=\"0007dd0\" data-element_type=\"widget\" data-widget_type=\"heading.default\">\n\t\t\t\t<div class=\"elementor-widget-container\">\n\t\t\t<h2 class=\"elementor-heading-title elementor-size-default\">INTERNAL COMMUNICATION SYSTEMS<\/h2>\t\t<\/div>\n\t\t\t\t<\/div>\n\t\t\t\t\t\t<\/div>\n\t\t\t\t\t<\/div>\n\t\t<\/div>\n\t\t\t\t\t\t\t\t<\/div>\n\t\t\t\t\t<\/div>\n\t\t<\/section>\n\t\t\t\t<section class=\"elementor-section elementor-top-section elementor-element elementor-element-219f8ba elementor-section-full_width elementor-section-height-default elementor-section-height-default\" data-id=\"219f8ba\" data-element_type=\"section\" data-settings=\"{&quot;background_background&quot;:&quot;classic&quot;}\">\n\t\t\t\t\t\t<div class=\"elementor-container elementor-column-gap-thegem\">\n\t\t\t\t\t\t\t<div class=\"elementor-row\">\n\t\t\t\t\t<div class=\"elementor-column elementor-col-50 elementor-top-column elementor-element elementor-element-298f311\" data-id=\"298f311\" data-element_type=\"column\">\n\t\t\t<div class=\"elementor-column-wrap elementor-element-populated\">\n\t\t\t\t\t\t\t<div class=\"elementor-widget-wrap\">\n\t\t\t\t\t\t<div class=\"elementor-element elementor-element-0d05280 flex-horizontal-align-default flex-horizontal-align-tablet-default flex-horizontal-align-mobile-default flex-vertical-align-default flex-vertical-align-tablet-default flex-vertical-align-mobile-default elementor-widget elementor-widget-image\" data-id=\"0d05280\" data-element_type=\"widget\" id=\"img-product\" data-widget_type=\"image.default\">\n\t\t\t\t<div class=\"elementor-widget-container\">\n\t\t\t\t\t\t\t\t<div class=\"elementor-image\">\n\t\t\t\t\t\t\t\t\t\t\t\t\t<a href=\"https:\/\/berkinengineering.com\/en\/internal-communication-systems\/mst-50\/\">\n\t\t\t\t\t\t\t<img decoding=\"async\" width=\"602\" height=\"627\" src=\"https:\/\/berkinengineering.com\/wp-content\/uploads\/2021\/06\/MST_50_01.png\" class=\"elementor-animation-float attachment-full size-full wp-image-27453\" alt=\"\" srcset=\"https:\/\/berkinengineering.com\/wp-content\/uploads\/2021\/06\/MST_50_01.png 602w, https:\/\/berkinengineering.com\/wp-content\/uploads\/2021\/06\/MST_50_01-288x300.png 288w\" sizes=\"(max-width: 602px) 100vw, 602px\" \/>\t\t\t\t\t\t\t\t<\/a>\n\t\t\t\t\t\t\t\t\t\t\t\t\t\t<\/div>\n\t\t\t\t\t\t<\/div>\n\t\t\t\t<\/div>\n\t\t\t\t<div class=\"elementor-element elementor-element-baa4d93 flex-horizontal-align-default flex-horizontal-align-tablet-default flex-horizontal-align-mobile-default flex-vertical-align-default flex-vertical-align-tablet-default flex-vertical-align-mobile-default elementor-widget elementor-widget-thegem-styled-textbox\" data-id=\"baa4d93\" data-element_type=\"widget\" data-settings=\"{&quot;thegem_elementor_preset&quot;:&quot;basic&quot;}\" data-widget_type=\"thegem-styled-textbox.default\">\n\t\t\t\t<div class=\"elementor-widget-container\">\n\t\t\t\n<div class=\"gem-textbox styled-textbox-basic\">\n\n\t\n\t\t<div class=\"gem-textbox-top gem-textbox-top-none default-fill\">\n\t\t\t\t\t<\/div>\n\t\n\t<div class=\"gem-textbox-inner\">\n\n\t\t<div class=\"gem-textbox-content default-background\">\n\n\t\t\t\n\t\t\t<div class=\"gem-texbox-text-wrapper\">\n\n\t\t\t\t\t\t\t\t\t\n\t\t\t\t\t\n\t\t\t\t\t\t<div class=\"gem-textbox-description gem-text-output\">\n\t\t\t\t\t\t\t<p>Click for more <em><a href=\"https:\/\/berkinengineering.com\/en\/internal-communication-systems\/mst-50\/\">information<\/a><\/em><\/p>\t\t\t\t\t\t<\/div>\n\n\t\t\t\t\t\n\t\t\t\t\n\t\t\t\t\n\t\t\t<\/div>\n\n\t\t<\/div>\n\n\t<\/div>\n\n\t\n\t\t<div class=\"gem-textbox-bottom gem-textbox-bottom-none default-fill\">\n\t\t\t\t<\/div>\n\t\n\t\n<\/div>\n\t\t<\/div>\n\t\t\t\t<\/div>\n\t\t\t\t<div class=\"elementor-element elementor-element-3e6e483 flex-horizontal-align-default flex-horizontal-align-tablet-default flex-horizontal-align-mobile-default flex-vertical-align-default flex-vertical-align-tablet-default flex-vertical-align-mobile-default elementor-widget elementor-widget-heading\" data-id=\"3e6e483\" data-element_type=\"widget\" data-widget_type=\"heading.default\">\n\t\t\t\t<div class=\"elementor-widget-container\">\n\t\t\t<h3 class=\"elementor-heading-title elementor-size-default\"><a href=\"https:\/\/berkinengineering.com\/en\/internal-communication-systems\/mst-50\/\">MST-50<\/a><\/h3>\t\t<\/div>\n\t\t\t\t<\/div>\n\t\t\t\t\t\t<\/div>\n\t\t\t\t\t<\/div>\n\t\t<\/div>\n\t\t\t\t<div class=\"elementor-column elementor-col-50 elementor-top-column elementor-element elementor-element-703cf3e\" data-id=\"703cf3e\" data-element_type=\"column\">\n\t\t\t<div class=\"elementor-column-wrap elementor-element-populated\">\n\t\t\t\t\t\t\t<div class=\"elementor-widget-wrap\">\n\t\t\t\t\t\t<div class=\"elementor-element elementor-element-d8f7b1d flex-horizontal-align-default flex-horizontal-align-tablet-default flex-horizontal-align-mobile-default flex-vertical-align-default flex-vertical-align-tablet-default flex-vertical-align-mobile-default elementor-widget elementor-widget-image\" data-id=\"d8f7b1d\" data-element_type=\"widget\" id=\"img-product\" data-widget_type=\"image.default\">\n\t\t\t\t<div class=\"elementor-widget-container\">\n\t\t\t\t\t\t\t\t<div class=\"elementor-image\">\n\t\t\t\t\t\t\t\t\t\t\t\t\t<a href=\"https:\/\/berkinengineering.com\/en\/internal-communication-systems\/mst-70\/\">\n\t\t\t\t\t\t\t<img decoding=\"async\" width=\"830\" height=\"627\" src=\"https:\/\/berkinengineering.com\/wp-content\/uploads\/2021\/06\/MST_70_01.png\" class=\"elementor-animation-float attachment-full size-full wp-image-27477\" alt=\"\" srcset=\"https:\/\/berkinengineering.com\/wp-content\/uploads\/2021\/06\/MST_70_01.png 830w, https:\/\/berkinengineering.com\/wp-content\/uploads\/2021\/06\/MST_70_01-300x227.png 300w, https:\/\/berkinengineering.com\/wp-content\/uploads\/2021\/06\/MST_70_01-768x580.png 768w\" sizes=\"(max-width: 830px) 100vw, 830px\" \/>\t\t\t\t\t\t\t\t<\/a>\n\t\t\t\t\t\t\t\t\t\t\t\t\t\t<\/div>\n\t\t\t\t\t\t<\/div>\n\t\t\t\t<\/div>\n\t\t\t\t<div class=\"elementor-element elementor-element-fe52ce7 flex-horizontal-align-default flex-horizontal-align-tablet-default flex-horizontal-align-mobile-default flex-vertical-align-default flex-vertical-align-tablet-default flex-vertical-align-mobile-default elementor-widget elementor-widget-thegem-styled-textbox\" data-id=\"fe52ce7\" data-element_type=\"widget\" data-settings=\"{&quot;thegem_elementor_preset&quot;:&quot;basic&quot;}\" data-widget_type=\"thegem-styled-textbox.default\">\n\t\t\t\t<div class=\"elementor-widget-container\">\n\t\t\t\n<div class=\"gem-textbox styled-textbox-basic\">\n\n\t\n\t\t<div class=\"gem-textbox-top gem-textbox-top-none default-fill\">\n\t\t\t\t\t<\/div>\n\t\n\t<div class=\"gem-textbox-inner\">\n\n\t\t<div class=\"gem-textbox-content default-background\">\n\n\t\t\t\n\t\t\t<div class=\"gem-texbox-text-wrapper\">\n\n\t\t\t\t\t\t\t\t\t\n\t\t\t\t\t\n\t\t\t\t\t\t<div class=\"gem-textbox-description gem-text-output\">\n\t\t\t\t\t\t\t<p>Click for more <em><a href=\"https:\/\/berkinengineering.com\/en\/internal-communication-systems\/mst-70\/\">information<\/a><\/em>\u00a0<\/p>\t\t\t\t\t\t<\/div>\n\n\t\t\t\t\t\n\t\t\t\t\n\t\t\t\t\n\t\t\t<\/div>\n\n\t\t<\/div>\n\n\t<\/div>\n\n\t\n\t\t<div class=\"gem-textbox-bottom gem-textbox-bottom-none default-fill\">\n\t\t\t\t<\/div>\n\t\n\t\n<\/div>\n\t\t<\/div>\n\t\t\t\t<\/div>\n\t\t\t\t<div class=\"elementor-element elementor-element-98c82c6 flex-horizontal-align-default flex-horizontal-align-tablet-default flex-horizontal-align-mobile-default flex-vertical-align-default flex-vertical-align-tablet-default flex-vertical-align-mobile-default elementor-widget elementor-widget-heading\" data-id=\"98c82c6\" data-element_type=\"widget\" data-widget_type=\"heading.default\">\n\t\t\t\t<div class=\"elementor-widget-container\">\n\t\t\t<h3 class=\"elementor-heading-title elementor-size-default\"><a href=\"https:\/\/berkinengineering.com\/en\/internal-communication-systems\/mst-70\/\">MST-70<\/a><\/h3>\t\t<\/div>\n\t\t\t\t<\/div>\n\t\t\t\t\t\t<\/div>\n\t\t\t\t\t<\/div>\n\t\t<\/div>\n\t\t\t\t\t\t\t\t<\/div>\n\t\t\t\t\t<\/div>\n\t\t<\/section>\n\t\t\t\t\t\t\t\t\t<\/div>\n\t\t\t<\/div>\n\t\t\t\t\t<\/div>","protected":false},"excerpt":{"rendered":"<p>DAH\u0130L\u0130 HABERLE\u015eME S\u0130STEMLER\u0130 Daha fazla bilgi i\u00e7in t\u0131klay\u0131n\u0131z MST-50 Daha fazla bilgi i\u00e7in t\u0131klay\u0131n\u0131z\u00a0 MST-70<\/p>","protected":false},"author":4,"featured_media":0,"parent":0,"menu_order":0,"comment_status":"closed","ping_status":"closed","template":"elementor_header_footer","meta":{"footnotes":""},"_links":{"self":[{"href":"https:\/\/berkinengineering.com\/en\/wp-json\/wp\/v2\/pages\/28356"}],"collection":[{"href":"https:\/\/berkinengineering.com\/en\/wp-json\/wp\/v2\/pages"}],"about":[{"href":"https:\/\/berkinengineering.com\/en\/wp-json\/wp\/v2\/types\/page"}],"author":[{"embeddable":true,"href":"https:\/\/berkinengineering.com\/en\/wp-json\/wp\/v2\/users\/4"}],"replies":[{"embeddable":true,"href":"https:\/\/berkinengineering.com\/en\/wp-json\/wp\/v2\/comments?post=28356"}],"version-history":[{"count":43,"href":"https:\/\/berkinengineering.com\/en\/wp-json\/wp\/v2\/pages\/28356\/revisions"}],"predecessor-version":[{"id":34291,"href":"https:\/\/berkinengineering.com\/en\/wp-json\/wp\/v2\/pages\/28356\/revisions\/34291"}],"wp:attachment":[{"href":"https:\/\/berkinengineering.com\/en\/wp-json\/wp\/v2\/media?parent=28356"}],"curies":[{"name":"wp","href":"https:\/\/api.w.org\/{rel}","templated":true}]}}