{"id":27718,"date":"2021-06-22T15:26:21","date_gmt":"2021-06-22T12:26:21","guid":{"rendered":"http:\/\/demo.milscint.com\/berkin2\/?page_id=27718"},"modified":"2023-12-12T12:59:07","modified_gmt":"2023-12-12T09:59:07","slug":"kalite-politikasi","status":"publish","type":"page","link":"https:\/\/berkinengineering.com\/en\/quality-policy\/","title":{"rendered":"Quality Policy"},"content":{"rendered":"<div data-elementor-type=\"wp-page\" data-elementor-id=\"27718\" class=\"elementor elementor-27718\">\n\t\t\t\t\t\t<div class=\"elementor-inner\">\n\t\t\t\t<div class=\"elementor-section-wrap\">\n\t\t\t\t\t\t\t\t\t<section class=\"elementor-section elementor-top-section elementor-element elementor-element-683186d elementor-section-full_width elementor-section-content-middle elementor-section-height-default elementor-section-height-default\" data-id=\"683186d\" data-element_type=\"section\" data-settings=\"{&quot;background_background&quot;:&quot;classic&quot;}\">\n\t\t\t\t\t\t<div class=\"elementor-container elementor-column-gap-no\">\n\t\t\t\t\t\t\t<div class=\"elementor-row\">\n\t\t\t\t\t<div class=\"elementor-column elementor-col-100 elementor-top-column elementor-element elementor-element-963fb1a\" data-id=\"963fb1a\" data-element_type=\"column\">\n\t\t\t<div class=\"elementor-column-wrap elementor-element-populated\">\n\t\t\t\t\t\t\t<div class=\"elementor-widget-wrap\">\n\t\t\t\t\t\t<div class=\"elementor-element elementor-element-464db40 flex-horizontal-align-default flex-horizontal-align-tablet-default flex-horizontal-align-mobile-default flex-vertical-align-default flex-vertical-align-tablet-default flex-vertical-align-mobile-default elementor-widget elementor-widget-heading\" data-id=\"464db40\" data-element_type=\"widget\" data-widget_type=\"heading.default\">\n\t\t\t\t<div class=\"elementor-widget-container\">\n\t\t\t<h1 class=\"elementor-heading-title elementor-size-default\">QUALITY POLICY<\/h1>\t\t<\/div>\n\t\t\t\t<\/div>\n\t\t\t\t\t\t<\/div>\n\t\t\t\t\t<\/div>\n\t\t<\/div>\n\t\t\t\t\t\t\t\t<\/div>\n\t\t\t\t\t<\/div>\n\t\t<\/section>\n\t\t\t\t<section class=\"elementor-section elementor-top-section elementor-element elementor-element-41b4520 elementor-section-boxed elementor-section-height-default elementor-section-height-default\" data-id=\"41b4520\" data-element_type=\"section\" data-settings=\"{&quot;background_background&quot;:&quot;classic&quot;}\">\n\t\t\t\t\t\t<div class=\"elementor-container elementor-column-gap-thegem\">\n\t\t\t\t\t\t\t<div class=\"elementor-row\">\n\t\t\t\t\t<div class=\"elementor-column elementor-col-100 elementor-top-column elementor-element elementor-element-4708db9\" data-id=\"4708db9\" data-element_type=\"column\">\n\t\t\t<div class=\"elementor-column-wrap elementor-element-populated\">\n\t\t\t\t\t\t\t<div class=\"elementor-widget-wrap\">\n\t\t\t\t\t\t<div class=\"elementor-element elementor-element-9da1953 flex-horizontal-align-default flex-horizontal-align-tablet-default flex-horizontal-align-mobile-default flex-vertical-align-default flex-vertical-align-tablet-default flex-vertical-align-mobile-default elementor-widget elementor-widget-spacer\" data-id=\"9da1953\" data-element_type=\"widget\" data-widget_type=\"spacer.default\">\n\t\t\t\t<div class=\"elementor-widget-container\">\n\t\t\t\t\t<div class=\"elementor-spacer\">\n\t\t\t<div class=\"elementor-spacer-inner\"><\/div>\n\t\t<\/div>\n\t\t\t\t<\/div>\n\t\t\t\t<\/div>\n\t\t\t\t\t\t<\/div>\n\t\t\t\t\t<\/div>\n\t\t<\/div>\n\t\t\t\t\t\t\t\t<\/div>\n\t\t\t\t\t<\/div>\n\t\t<\/section>\n\t\t\t\t<section class=\"elementor-section elementor-top-section elementor-element elementor-element-0ced54d elementor-section-boxed elementor-section-height-default elementor-section-height-default\" data-id=\"0ced54d\" data-element_type=\"section\" data-settings=\"{&quot;background_background&quot;:&quot;classic&quot;}\">\n\t\t\t\t\t\t<div class=\"elementor-container elementor-column-gap-thegem\">\n\t\t\t\t\t\t\t<div class=\"elementor-row\">\n\t\t\t\t\t<div class=\"elementor-column elementor-col-100 elementor-top-column elementor-element elementor-element-cc483e9\" data-id=\"cc483e9\" data-element_type=\"column\">\n\t\t\t<div class=\"elementor-column-wrap elementor-element-populated\">\n\t\t\t\t\t\t\t<div class=\"elementor-widget-wrap\">\n\t\t\t\t\t\t<div class=\"elementor-element elementor-element-ef95ede flex-horizontal-align-default flex-horizontal-align-tablet-default flex-horizontal-align-mobile-default flex-vertical-align-default flex-vertical-align-tablet-default flex-vertical-align-mobile-default elementor-widget elementor-widget-text-editor\" data-id=\"ef95ede\" data-element_type=\"widget\" data-widget_type=\"text-editor.default\">\n\t\t\t\t<div class=\"elementor-widget-container\">\n\t\t\t\t\t\t\t\t<div class=\"elementor-text-editor elementor-clearfix\">\n\t\t\t\t<p>Being one of the leading organizations in the sector it serves; BERKIN DEFENSE ENGINEERING, which adopts the principle of continuous improvement by constantly reviewing the relevant national and international developments and customer expectations,<\/p>\n<ul>\n<li>To follow the legal regulations related to its activities, to obtain and comply with the necessary official permissions,<\/li>\n<li>To prepare the necessary training and infrastructure for the implementation of ISO 9001 and AS 9100 Quality Management Systems and the participation of employees in the system,<\/li>\n<li>To continuously measure the performance and effectiveness of the established Quality Management Systems by setting targets, to continuously improve the system by managing the non-conformities that may occur,<\/li>\n<li>In the field of Defense, Security, Software and Hardware Design; To develop solutions and products that can compete all over the world based on advanced technology.<\/li>\n<li>To carry out risk management at all stages of the processes and to carry out the necessary activities to turn internal and external risks into opportunities,<\/li>\n<li>To perform configuration management throughout the project life cycle,<\/li>\n<li>To meet customer demands on time and as desired,<\/li>\n<li>To always prioritize customer satisfaction in our products and services,<\/li>\n<li>Establishing and monitoring a system that can provide feedback from all stakeholders for continuous improvement,<\/li>\n<li>Supporting career plans and performance monitoring with technical, technological and personal development trainings by prioritizing employee motivation,<\/li>\n<li>To contribute to all fields of activity by equipping the working environment with comfortable, effective and state-of-the-art equipment.<\/li>\n<\/ul>\n<p>As BERKIN DEFENSE ENGINEERING;<\/p>\n<p>It commits.<\/p>\n<p style=\"text-align: left; padding-left: 1000px;\"><br><\/p>\t\t\t\t\t<\/div>\n\t\t\t\t\t\t<\/div>\n\t\t\t\t<\/div>\n\t\t\t\t\t\t<\/div>\n\t\t\t\t\t<\/div>\n\t\t<\/div>\n\t\t\t\t\t\t\t\t<\/div>\n\t\t\t\t\t<\/div>\n\t\t<\/section>\n\t\t\t\t\t\t\t\t\t<\/div>\n\t\t\t<\/div>\n\t\t\t\t\t<\/div>","protected":false},"excerpt":{"rendered":"<p>KAL\u0130TE POL\u0130T\u0130KASI Hizmet verdi\u011fi sekt\u00f6rde lider kurulu\u015flardan biri olan; ilgili ulusal ve uluslararas\u0131 geli\u015fmeleri ve m\u00fc\u015fteri beklentilerini s\u00fcrekli g\u00f6zden ge\u00e7irerek&#8230;<\/p>","protected":false},"author":1,"featured_media":0,"parent":0,"menu_order":0,"comment_status":"closed","ping_status":"closed","template":"elementor_header_footer","meta":{"footnotes":""},"_links":{"self":[{"href":"https:\/\/berkinengineering.com\/en\/wp-json\/wp\/v2\/pages\/27718"}],"collection":[{"href":"https:\/\/berkinengineering.com\/en\/wp-json\/wp\/v2\/pages"}],"about":[{"href":"https:\/\/berkinengineering.com\/en\/wp-json\/wp\/v2\/types\/page"}],"author":[{"embeddable":true,"href":"https:\/\/berkinengineering.com\/en\/wp-json\/wp\/v2\/users\/1"}],"replies":[{"embeddable":true,"href":"https:\/\/berkinengineering.com\/en\/wp-json\/wp\/v2\/comments?post=27718"}],"version-history":[{"count":28,"href":"https:\/\/berkinengineering.com\/en\/wp-json\/wp\/v2\/pages\/27718\/revisions"}],"predecessor-version":[{"id":34225,"href":"https:\/\/berkinengineering.com\/en\/wp-json\/wp\/v2\/pages\/27718\/revisions\/34225"}],"wp:attachment":[{"href":"https:\/\/berkinengineering.com\/en\/wp-json\/wp\/v2\/media?parent=27718"}],"curies":[{"name":"wp","href":"https:\/\/api.w.org\/{rel}","templated":true}]}}