{"id":26530,"date":"2021-06-17T16:14:17","date_gmt":"2021-06-17T13:14:17","guid":{"rendered":"http:\/\/demo.milscint.com\/berkin2\/?page_id=26530"},"modified":"2023-12-13T10:51:35","modified_gmt":"2023-12-13T07:51:35","slug":"bhr-246-2","status":"publish","type":"page","link":"https:\/\/berkinengineering.com\/en\/indikatorler\/bhr-246-2\/","title":{"rendered":"Bhr-246"},"content":{"rendered":"<div data-elementor-type=\"wp-page\" data-elementor-id=\"26530\" class=\"elementor elementor-26530\">\n\t\t\t\t\t\t<div class=\"elementor-inner\">\n\t\t\t\t<div class=\"elementor-section-wrap\">\n\t\t\t\t\t\t\t\t\t<section class=\"elementor-section elementor-top-section elementor-element elementor-element-a5a6af7 elementor-section-full_width elementor-section-height-default elementor-section-height-default\" data-id=\"a5a6af7\" data-element_type=\"section\" data-settings=\"{&quot;background_background&quot;:&quot;classic&quot;,&quot;thegem_parallax_activate&quot;:&quot;yes&quot;,&quot;thegem_parallax_type&quot;:&quot;vertical&quot;}\">\n\t\t\t\t\t\t<div class=\"elementor-container elementor-column-gap-thegem\">\n\t\t\t\t\t\t\t<div class=\"elementor-row\">\n\t\t\t\t\t<div class=\"elementor-column elementor-col-50 elementor-top-column elementor-element elementor-element-08936ff\" data-id=\"08936ff\" data-element_type=\"column\">\n\t\t\t<div class=\"elementor-column-wrap elementor-element-populated\">\n\t\t\t\t\t\t\t<div class=\"elementor-widget-wrap\">\n\t\t\t\t\t\t<div class=\"elementor-element elementor-element-21737d8 elementor-hidden-phone elementor-hidden-tablet flex-horizontal-align-default flex-horizontal-align-tablet-default flex-horizontal-align-mobile-default flex-vertical-align-default flex-vertical-align-tablet-default flex-vertical-align-mobile-default elementor-widget elementor-widget-heading\" data-id=\"21737d8\" data-element_type=\"widget\" data-widget_type=\"heading.default\">\n\t\t\t\t<div class=\"elementor-widget-container\">\n\t\t\t<h1 class=\"elementor-heading-title elementor-size-xxl\">Bhr-246<\/h1>\t\t<\/div>\n\t\t\t\t<\/div>\n\t\t\t\t<div class=\"elementor-element elementor-element-a922626 elementor-hidden-desktop flex-horizontal-align-default flex-horizontal-align-tablet-default flex-horizontal-align-mobile-default flex-vertical-align-default flex-vertical-align-tablet-default flex-vertical-align-mobile-default elementor-widget elementor-widget-heading\" data-id=\"a922626\" data-element_type=\"widget\" data-widget_type=\"heading.default\">\n\t\t\t\t<div class=\"elementor-widget-container\">\n\t\t\t<h1 class=\"elementor-heading-title elementor-size-xxl\">Bhr-246<\/h1>\t\t<\/div>\n\t\t\t\t<\/div>\n\t\t\t\t<div class=\"elementor-element elementor-element-c7f0462 elementor-hidden-desktop elementor-hidden-tablet flex-horizontal-align-default flex-horizontal-align-tablet-default flex-horizontal-align-mobile-default flex-vertical-align-default flex-vertical-align-tablet-default flex-vertical-align-mobile-default elementor-widget elementor-widget-image\" data-id=\"c7f0462\" data-element_type=\"widget\" data-widget_type=\"image.default\">\n\t\t\t\t<div class=\"elementor-widget-container\">\n\t\t\t\t\t\t\t\t<div class=\"elementor-image\">\n\t\t\t\t\t\t\t\t\t\t\t\t<img decoding=\"async\" width=\"660\" height=\"804\" src=\"https:\/\/berkinengineering.com\/wp-content\/uploads\/2022\/03\/Bhr_246_Kirlangic_Cayro_edit.png\" class=\"attachment-full size-full wp-image-30722\" alt=\"\" srcset=\"https:\/\/berkinengineering.com\/wp-content\/uploads\/2022\/03\/Bhr_246_Kirlangic_Cayro_edit.png 660w, https:\/\/berkinengineering.com\/wp-content\/uploads\/2022\/03\/Bhr_246_Kirlangic_Cayro_edit-246x300.png 246w, https:\/\/berkinengineering.com\/wp-content\/uploads\/2022\/03\/Bhr_246_Kirlangic_Cayro_edit-10x12.png 10w\" sizes=\"(max-width: 660px) 100vw, 660px\" \/>\t\t\t\t\t\t\t\t\t\t\t\t\t\t<\/div>\n\t\t\t\t\t\t<\/div>\n\t\t\t\t<\/div>\n\t\t\t\t<div class=\"elementor-element elementor-element-0c8503f elementor-hidden-desktop elementor-hidden-tablet flex-horizontal-align-default flex-horizontal-align-tablet-default flex-horizontal-align-mobile-default flex-vertical-align-default flex-vertical-align-tablet-default flex-vertical-align-mobile-default elementor-widget elementor-widget-image\" data-id=\"0c8503f\" data-element_type=\"widget\" data-widget_type=\"image.default\">\n\t\t\t\t<div class=\"elementor-widget-container\">\n\t\t\t\t\t\t\t\t<div class=\"elementor-image\">\n\t\t\t\t\t\t\t\t\t\t\t\t<img decoding=\"async\" width=\"4025\" height=\"677\" src=\"https:\/\/berkinengineering.com\/wp-content\/uploads\/2021\/06\/Berkin_Amblem.png\" class=\"attachment-full size-full wp-image-26338\" alt=\"\" srcset=\"https:\/\/berkinengineering.com\/wp-content\/uploads\/2021\/06\/Berkin_Amblem.png 4025w, https:\/\/berkinengineering.com\/wp-content\/uploads\/2021\/06\/Berkin_Amblem-300x50.png 300w, https:\/\/berkinengineering.com\/wp-content\/uploads\/2021\/06\/Berkin_Amblem-1024x172.png 1024w, https:\/\/berkinengineering.com\/wp-content\/uploads\/2021\/06\/Berkin_Amblem-768x129.png 768w, https:\/\/berkinengineering.com\/wp-content\/uploads\/2021\/06\/Berkin_Amblem-1536x258.png 1536w, https:\/\/berkinengineering.com\/wp-content\/uploads\/2021\/06\/Berkin_Amblem-2048x344.png 2048w\" sizes=\"(max-width: 4025px) 100vw, 4025px\" \/>\t\t\t\t\t\t\t\t\t\t\t\t\t\t<\/div>\n\t\t\t\t\t\t<\/div>\n\t\t\t\t<\/div>\n\t\t\t\t\t\t<\/div>\n\t\t\t\t\t<\/div>\n\t\t<\/div>\n\t\t\t\t<div class=\"elementor-column elementor-col-50 elementor-top-column elementor-element elementor-element-25fe77b\" data-id=\"25fe77b\" data-element_type=\"column\">\n\t\t\t<div class=\"elementor-column-wrap elementor-element-populated\">\n\t\t\t\t\t\t\t<div class=\"elementor-widget-wrap\">\n\t\t\t\t\t\t<div class=\"elementor-element elementor-element-327ce6a elementor-hidden-phone flex-horizontal-align-default flex-horizontal-align-tablet-default flex-horizontal-align-mobile-default flex-vertical-align-default flex-vertical-align-tablet-default flex-vertical-align-mobile-default elementor-invisible elementor-widget elementor-widget-image\" data-id=\"327ce6a\" data-element_type=\"widget\" data-settings=\"{&quot;_animation&quot;:&quot;zoomIn&quot;}\" data-widget_type=\"image.default\">\n\t\t\t\t<div class=\"elementor-widget-container\">\n\t\t\t\t\t\t\t\t<div class=\"elementor-image\">\n\t\t\t\t\t\t\t\t\t\t\t\t<img decoding=\"async\" src=\"https:\/\/berkinengineering.com\/wp-content\/uploads\/elementor\/thumbs\/Bhr_246_r1-ptu7qmjorjbc1boa3lcj8u8y5jopiaskxxmtn717uo.png\" title=\"Bhr_246_r1\" alt=\"Bhr_246_r1\" loading=\"lazy\" \/>\t\t\t\t\t\t\t\t\t\t\t\t\t\t<\/div>\n\t\t\t\t\t\t<\/div>\n\t\t\t\t<\/div>\n\t\t\t\t<div class=\"elementor-element elementor-element-6b094cf elementor-hidden-phone flex-horizontal-align-default flex-horizontal-align-tablet-default flex-horizontal-align-mobile-default flex-vertical-align-default flex-vertical-align-tablet-default flex-vertical-align-mobile-default elementor-widget elementor-widget-image\" data-id=\"6b094cf\" data-element_type=\"widget\" data-widget_type=\"image.default\">\n\t\t\t\t<div class=\"elementor-widget-container\">\n\t\t\t\t\t\t\t\t<div class=\"elementor-image\">\n\t\t\t\t\t\t\t\t\t\t\t\t<img decoding=\"async\" width=\"4025\" height=\"677\" src=\"https:\/\/berkinengineering.com\/wp-content\/uploads\/2021\/06\/Berkin_Amblem.png\" class=\"attachment-full size-full wp-image-26338\" alt=\"\" srcset=\"https:\/\/berkinengineering.com\/wp-content\/uploads\/2021\/06\/Berkin_Amblem.png 4025w, https:\/\/berkinengineering.com\/wp-content\/uploads\/2021\/06\/Berkin_Amblem-300x50.png 300w, https:\/\/berkinengineering.com\/wp-content\/uploads\/2021\/06\/Berkin_Amblem-1024x172.png 1024w, https:\/\/berkinengineering.com\/wp-content\/uploads\/2021\/06\/Berkin_Amblem-768x129.png 768w, https:\/\/berkinengineering.com\/wp-content\/uploads\/2021\/06\/Berkin_Amblem-1536x258.png 1536w, https:\/\/berkinengineering.com\/wp-content\/uploads\/2021\/06\/Berkin_Amblem-2048x344.png 2048w\" sizes=\"(max-width: 4025px) 100vw, 4025px\" \/>\t\t\t\t\t\t\t\t\t\t\t\t\t\t<\/div>\n\t\t\t\t\t\t<\/div>\n\t\t\t\t<\/div>\n\t\t\t\t\t\t<\/div>\n\t\t\t\t\t<\/div>\n\t\t<\/div>\n\t\t\t\t\t\t\t\t<\/div>\n\t\t\t\t\t<\/div>\n\t\t<\/section>\n\t\t\t\t<section class=\"elementor-section elementor-top-section elementor-element elementor-element-7f50e68d elementor-section-boxed elementor-section-height-default elementor-section-height-default\" data-id=\"7f50e68d\" data-element_type=\"section\" data-settings=\"{&quot;background_background&quot;:&quot;classic&quot;}\">\n\t\t\t\t\t\t<div class=\"elementor-container elementor-column-gap-thegem\">\n\t\t\t\t\t\t\t<div class=\"elementor-row\">\n\t\t\t\t\t<div class=\"elementor-column elementor-col-100 elementor-top-column elementor-element elementor-element-718c03eb\" data-id=\"718c03eb\" data-element_type=\"column\">\n\t\t\t<div class=\"elementor-column-wrap elementor-element-populated\">\n\t\t\t\t\t\t\t<div class=\"elementor-widget-wrap\">\n\t\t\t\t\t\t<div class=\"elementor-element elementor-element-15ec67fe flex-horizontal-align-default flex-horizontal-align-tablet-default flex-horizontal-align-mobile-default flex-vertical-align-default flex-vertical-align-tablet-default flex-vertical-align-mobile-default elementor-widget elementor-widget-thegem-tabs\" data-id=\"15ec67fe\" data-element_type=\"widget\" data-settings=\"{&quot;thegem_elementor_preset&quot;:&quot;classic&quot;}\" data-widget_type=\"thegem-tabs.default\">\n\t\t\t\t<div class=\"elementor-widget-container\">\n\t\t\t\n\t\t<div class=\"gem-tta-container\" data-vc-action=\"collapse\" >\n\t\t\t<div class=\"gem-tta-general gem-tta gem-tta-tabs gem-tta-color-thegem gem-tta-shape-rounded gem-tta-nogap gem-tta-style-classic gem-tta-tabs-position-top gem-tta-controls-align-left\">\n\t\t\t\t<div class=\"gem-tta-panels-container\">\n\t\t\t\t\t<div class=\"gem-tta-panels\">\n\n\t\t\t\t\t\t\n\t\t\t\t\t\t<div id=\"section-15ec67fe-1\" class=\"gem-tta-panel gem-tta-active\" data-vc-content=\".gem-tta-panel-body\">\n\t\t\t\t\t\t\t<div class=\"gem-tta-panel-heading\">\n\t\t\t\t\t\t\t\t<h4 class=\"gem-tta-panel-title\">\n\t\t\t\t\t\t\t\t\t<a href=\"#section-15ec67fe-1\" data-vc-accordion data-vc-container=\".gem-tta-container\">\n\t\t\t\t\t\t\t\t\t\t\t\t\t\t\t\t\t\t\t\t<span class=\"gem-tta-title-text\">\n\t\t\t\t\t\t\t\t\t\t\t<b>Technicial Specifications<\/b>\t\t\t\t\t\t\t\t\t\t<\/span>\n\t\t\t\t\t\t\t\t\t<\/a>\n\t\t\t\t\t\t\t\t<\/h4>\n\t\t\t\t\t\t\t<\/div>\n\t\t\t\t\t\t\t<div class=\"gem-tta-panel-body gem-tta-panel-respbody\">\n\t\t\t\t\t\t\t\t<div class=\"gem-text-output\"><div>\n<div style=\"line-height: 2;\">\n<ul>\n<li><b>Weight:&nbsp;&nbsp;<\/b>10.5 kg<\/li>\n<li><b>Dimensions (WxHxL):<\/b>&nbsp; 464 x 325 x 348 mm<\/li>\n<li><b>Plate Thickness:<\/b>&nbsp;8 mm<\/li>\n<li><b>Links:<\/b> Integrated Terminal Box<\/li>\n<li><b>Material: <\/b>Marine grade aluminum, stainless fixings<\/li>\n<li><b>Colour:<\/b>&nbsp;RAL7040<\/li>\n<li><b>Performance:&nbsp;<\/b>&nbsp;\u00b1 0.01\u00b0 resolution<\/li>\n<li><b>Follow Rate:&nbsp;<\/b>&nbsp;20\u00b0 \/sn<\/li>\n<li><b>Gimbal Angle:&nbsp;<\/b>\u00b145\u00b0 pitch ve roll<\/li>\n<li><b>Display:&nbsp;<\/b>&nbsp;Dual scale 36:1 rotary dial display<br><\/li>\n<li><b>Route LEDs:<\/b>&nbsp; Blue = True Direction \nYellow = Magnetic Direction<br><\/li>\n<li><b>Resolution:<\/b>&nbsp;&nbsp;Outer scale 1\u00b0, 5\u00b0, 10\u00b0 and 45\u00b0 marked as. Internal scale marked 0.1\u00b0 and 1\u00b0<\/li>\n<li><b>Dial Illumination:<\/b>&nbsp;&nbsp;Local and remote dimming controlled \nLED array red tint<\/li>\n<li><b>Supply Voltage:<\/b>&nbsp;24 VDC (9-36 VDC)<\/li>\n<li><b>Power Consumption:<\/b>&nbsp;4 W<\/li>\n<li><b>Data Protocol:&nbsp;<\/b>RS-485\/RS422; NMEA0183, 12Mbit\/s<\/li>\n<li><b>Data Sentences:<\/b>&nbsp;THS, HDT, HDG,HDM<\/li>\n<li><b>Operating Temperature Range:&nbsp;<\/b>&nbsp;25\u00b0C ~ +55\u00b0C<\/li>\n<li><b>RoHS:&nbsp;<\/b>Appropriate<\/li>\n<\/ul>\n<div style=\"padding-left: 40px;\">\n<\/div>\n<\/div>\n<\/div><\/div>\t\t\t\t\t\t\t<\/div>\n\t\t\t\t\t\t<\/div>\n\t\t\t\t\t\n\t\t\t\t\t\t<div id=\"section-15ec67fe-2\" class=\"gem-tta-panel\" data-vc-content=\".gem-tta-panel-body\">\n\t\t\t\t\t\t\t<div class=\"gem-tta-panel-heading\">\n\t\t\t\t\t\t\t\t<h4 class=\"gem-tta-panel-title\">\n\t\t\t\t\t\t\t\t\t<a href=\"#section-15ec67fe-2\" data-vc-accordion data-vc-container=\".gem-tta-container\">\n\t\t\t\t\t\t\t\t\t\t\t\t\t\t\t\t\t\t\t\t<span class=\"gem-tta-title-text\">\n\t\t\t\t\t\t\t\t\t\t\t<b>Highlights<\/b>\t\t\t\t\t\t\t\t\t\t<\/span>\n\t\t\t\t\t\t\t\t\t<\/a>\n\t\t\t\t\t\t\t\t<\/h4>\n\t\t\t\t\t\t\t<\/div>\n\t\t\t\t\t\t\t<div class=\"gem-tta-panel-body gem-tta-panel-respbody\">\n\t\t\t\t\t\t\t\t<div class=\"gem-text-output\"><div>\n<div>\n<div>\n<div>\n<div>\n<ul>\n<li>Dual scale 36:1 rotary dial<\/li>\n<li>RS-485\/RS-422 NMEA 0183 \nProtocol Support<\/li><li>Aluminum body<\/li><li>Brightness Adjustment<\/li>\n<li>Completely sealed and weatherproof&nbsp;<\/li>\n<li>&nbsp;Bearing repeater, gimbal mount feature<\/li>\n<\/ul>\n<\/div>\n<\/div>\n<\/div>\n<\/div>\n<\/div><\/div>\t\t\t\t\t\t\t<\/div>\n\t\t\t\t\t\t<\/div>\n\t\t\t\t\t\t\t\t\t<\/div>\n\t\t\t\t<\/div>\n\t\t\t\t<div class=\"gem-tta-tabs-container gem-tta-tabs-icon-position-left\">\n\t\t\t\t\t<ul class=\"gem-tta-tabs-list\">\n\n\t\t\t\t\t\t\n\t\t\t\t\t\t<li class=\"gem-tta-tab gem-tta-active\" data-vc-tab data-vc-tab-index=\"0\">\n\t\t\t\t\t\t\t\t\t\t\t\t\t\t\t<a href=\"#section-15ec67fe-1\" data-vc-tabs data-vc-container=\".gem-tta\">\n\t\t\t\t\t\t\t\t\t<span class=\"gem-tta-icon\">\n\t\t\t\t\t\t\t\t\t\t \t\t\t\t\t\t\t\t\t<\/span>\n\t\t\t\t\t\t\t\t\t<span class=\"gem-tta-title-text\">\n\t\t\t\t\t\t\t\t\t\t<b>Technicial Specifications<\/b>\t\t\t\t\t\t\t\t\t<\/span>\n\t\t\t\t\t\t\t\t<\/a>\n\t\t\t\t\t\t\t\t\t\t\t\t\t<\/li>\n\t\t\t\t\t\n\t\t\t\t\t\t<li class=\"gem-tta-tab\" data-vc-tab data-vc-tab-index=\"1\">\n\t\t\t\t\t\t\t\t\t\t\t\t\t\t\t<a href=\"#section-15ec67fe-2\" data-vc-tabs data-vc-container=\".gem-tta\">\n\t\t\t\t\t\t\t\t\t<span class=\"gem-tta-icon\">\n\t\t\t\t\t\t\t\t\t\t \t\t\t\t\t\t\t\t\t<\/span>\n\t\t\t\t\t\t\t\t\t<span class=\"gem-tta-title-text\">\n\t\t\t\t\t\t\t\t\t\t<b>Highlights<\/b>\t\t\t\t\t\t\t\t\t<\/span>\n\t\t\t\t\t\t\t\t<\/a>\n\t\t\t\t\t\t\t\t\t\t\t\t\t<\/li>\n\t\t\t\t\t\t\t\t\t\t<\/ul>\n\t\t\t\t<\/div>\n\t\t\t<\/div>\n\t\t<\/div>\n\n\t\t\t\t<\/div>\n\t\t\t\t<\/div>\n\t\t\t\t\t\t<\/div>\n\t\t\t\t\t<\/div>\n\t\t<\/div>\n\t\t\t\t\t\t\t\t<\/div>\n\t\t\t\t\t<\/div>\n\t\t<\/section>\n\t\t\t\t<section class=\"elementor-section elementor-top-section elementor-element elementor-element-7f47fa2a elementor-section-content-middle elementor-section-boxed elementor-section-height-default elementor-section-height-default\" data-id=\"7f47fa2a\" data-element_type=\"section\" data-settings=\"{&quot;background_background&quot;:&quot;classic&quot;,&quot;animation&quot;:&quot;none&quot;}\">\n\t\t\t\t\t\t<div class=\"elementor-container elementor-column-gap-thegem\">\n\t\t\t\t\t\t\t<div class=\"elementor-row\">\n\t\t\t\t\t<div class=\"elementor-column elementor-col-100 elementor-top-column elementor-element elementor-element-7ea22ae4\" data-id=\"7ea22ae4\" data-element_type=\"column\" data-settings=\"{&quot;animation&quot;:&quot;none&quot;}\">\n\t\t\t<div class=\"elementor-column-wrap elementor-element-populated\">\n\t\t\t\t\t\t\t<div class=\"elementor-widget-wrap\">\n\t\t\t\t\t\t<section class=\"elementor-section elementor-inner-section elementor-element elementor-element-550c5849 elementor-section-boxed elementor-section-height-default elementor-section-height-default\" data-id=\"550c5849\" data-element_type=\"section\">\n\t\t\t\t\t\t<div class=\"elementor-container elementor-column-gap-thegem\">\n\t\t\t\t\t\t\t<div class=\"elementor-row\">\n\t\t\t\t\t<div class=\"elementor-column elementor-col-50 elementor-inner-column elementor-element elementor-element-6eb90b3d\" data-id=\"6eb90b3d\" data-element_type=\"column\">\n\t\t\t<div class=\"elementor-column-wrap elementor-element-populated\">\n\t\t\t\t\t\t\t<div class=\"elementor-widget-wrap\">\n\t\t\t\t\t\t<div class=\"elementor-element elementor-element-1fda3b60 elementor-widget__width-auto flex-horizontal-align-default flex-horizontal-align-tablet-default flex-horizontal-align-mobile-default flex-vertical-align-default flex-vertical-align-tablet-default flex-vertical-align-mobile-default elementor-widget elementor-widget-text-editor\" data-id=\"1fda3b60\" data-element_type=\"widget\" data-widget_type=\"text-editor.default\">\n\t\t\t\t<div class=\"elementor-widget-container\">\n\t\t\t\t\t\t\t\t<div class=\"elementor-text-editor elementor-clearfix\">\n\t\t\t\t<p>BHR-246 PDF KATALOG<\/p>\t\t\t\t\t<\/div>\n\t\t\t\t\t\t<\/div>\n\t\t\t\t<\/div>\n\t\t\t\t<div class=\"elementor-element elementor-element-19d238f4 elementor-widget__width-auto elementor-view-default flex-horizontal-align-default flex-horizontal-align-tablet-default flex-horizontal-align-mobile-default flex-vertical-align-default flex-vertical-align-tablet-default flex-vertical-align-mobile-default elementor-widget elementor-widget-icon\" data-id=\"19d238f4\" data-element_type=\"widget\" data-widget_type=\"icon.default\">\n\t\t\t\t<div class=\"elementor-widget-container\">\n\t\t\t\t\t<div class=\"elementor-icon-wrapper\">\n\t\t\t<div class=\"elementor-icon\">\n\t\t\t<i aria-hidden=\"true\" class=\"fas fa-file-pdf\"><\/i>\t\t\t<\/div>\n\t\t<\/div>\n\t\t\t\t<\/div>\n\t\t\t\t<\/div>\n\t\t\t\t<div class=\"elementor-element elementor-element-6cb3ac5c flex-horizontal-align-default flex-horizontal-align-tablet-default flex-horizontal-align-mobile-default flex-vertical-align-default flex-vertical-align-tablet-default flex-vertical-align-mobile-default elementor-widget elementor-widget-text-editor\" data-id=\"6cb3ac5c\" data-element_type=\"widget\" data-widget_type=\"text-editor.default\">\n\t\t\t\t<div class=\"elementor-widget-container\">\n\t\t\t\t\t\t\t\t<div class=\"elementor-text-editor elementor-clearfix\">\n\t\t\t\t<p><b>SIZE<\/b>: 508 KB<\/p>\t\t\t\t\t<\/div>\n\t\t\t\t\t\t<\/div>\n\t\t\t\t<\/div>\n\t\t\t\t\t\t<\/div>\n\t\t\t\t\t<\/div>\n\t\t<\/div>\n\t\t\t\t<div class=\"elementor-column elementor-col-50 elementor-inner-column elementor-element elementor-element-5feefc13\" data-id=\"5feefc13\" data-element_type=\"column\">\n\t\t\t<div class=\"elementor-column-wrap elementor-element-populated\">\n\t\t\t\t\t\t\t<div class=\"elementor-widget-wrap\">\n\t\t\t\t\t\t<div class=\"elementor-element elementor-element-7ed5c4c3 elementor-widget__width-auto flex-horizontal-align-default flex-horizontal-align-tablet-default flex-horizontal-align-mobile-default flex-vertical-align-default flex-vertical-align-tablet-default flex-vertical-align-mobile-default elementor-widget elementor-widget-button\" data-id=\"7ed5c4c3\" data-element_type=\"widget\" data-widget_type=\"button.default\">\n\t\t\t\t<div class=\"elementor-widget-container\">\n\t\t\t\t\t<div class=\"elementor-button-wrapper\">\n\t\t\t<a class=\"elementor-button elementor-button-link elementor-size-xs\" href=\"https:\/\/berkinengineering.com\/wp-content\/uploads\/2023\/07\/BERKIN_A4FOY_Ripiterler_EN.pdf\" target=\"_blank\">\n\t\t\t\t\t\t<span class=\"elementor-button-content-wrapper\">\n\t\t\t\t\t\t<span class=\"elementor-button-text\">View<\/span>\n\t\t<\/span>\n\t\t\t\t\t<\/a>\n\t\t<\/div>\n\t\t\t\t<\/div>\n\t\t\t\t<\/div>\n\t\t\t\t<div class=\"elementor-element elementor-element-2b4a4a6d elementor-widget__width-auto flex-horizontal-align-default flex-horizontal-align-tablet-default flex-horizontal-align-mobile-default flex-vertical-align-default flex-vertical-align-tablet-default flex-vertical-align-mobile-default elementor-widget elementor-widget-button\" data-id=\"2b4a4a6d\" data-element_type=\"widget\" data-widget_type=\"button.default\">\n\t\t\t\t<div class=\"elementor-widget-container\">\n\t\t\t\t\t<div class=\"elementor-button-wrapper\">\n\t\t\t<a class=\"elementor-button elementor-button-link elementor-size-xs\" href=\"https:\/\/berkinengineering.com\/wp-content\/uploads\/2023\/07\/BERKIN_A4FOY_Ripiterler_EN.pdf\" target=\"_blank\" download=\"NS-0208x3_TUR-0.00.pdf\">\n\t\t\t\t\t\t<span class=\"elementor-button-content-wrapper\">\n\t\t\t\t\t\t<span class=\"elementor-button-text\">Download<\/span>\n\t\t<\/span>\n\t\t\t\t\t<\/a>\n\t\t<\/div>\n\t\t\t\t<\/div>\n\t\t\t\t<\/div>\n\t\t\t\t\t\t<\/div>\n\t\t\t\t\t<\/div>\n\t\t<\/div>\n\t\t\t\t\t\t\t\t<\/div>\n\t\t\t\t\t<\/div>\n\t\t<\/section>\n\t\t\t\t\t\t<\/div>\n\t\t\t\t\t<\/div>\n\t\t<\/div>\n\t\t\t\t\t\t\t\t<\/div>\n\t\t\t\t\t<\/div>\n\t\t<\/section>\n\t\t\t\t\t\t\t\t\t<\/div>\n\t\t\t<\/div>\n\t\t\t\t\t<\/div>","protected":false},"excerpt":{"rendered":"<p>Bhr-246 Bhr-246 Teknik \u00d6zellikler A\u011f\u0131rl\u0131k:&nbsp;&nbsp;10.5 kg Boyut (GxYxD):&nbsp; 464 x 325 x 348 mm Plaka Kal\u0131nl\u0131\u011f\u0131:&nbsp;8 mm Ba\u011flant\u0131lar: Entegre Terminal&#8230;<\/p>","protected":false},"author":4,"featured_media":0,"parent":28350,"menu_order":0,"comment_status":"closed","ping_status":"closed","template":"elementor_header_footer","meta":{"footnotes":""},"_links":{"self":[{"href":"https:\/\/berkinengineering.com\/en\/wp-json\/wp\/v2\/pages\/26530"}],"collection":[{"href":"https:\/\/berkinengineering.com\/en\/wp-json\/wp\/v2\/pages"}],"about":[{"href":"https:\/\/berkinengineering.com\/en\/wp-json\/wp\/v2\/types\/page"}],"author":[{"embeddable":true,"href":"https:\/\/berkinengineering.com\/en\/wp-json\/wp\/v2\/users\/4"}],"replies":[{"embeddable":true,"href":"https:\/\/berkinengineering.com\/en\/wp-json\/wp\/v2\/comments?post=26530"}],"version-history":[{"count":107,"href":"https:\/\/berkinengineering.com\/en\/wp-json\/wp\/v2\/pages\/26530\/revisions"}],"predecessor-version":[{"id":34621,"href":"https:\/\/berkinengineering.com\/en\/wp-json\/wp\/v2\/pages\/26530\/revisions\/34621"}],"up":[{"embeddable":true,"href":"https:\/\/berkinengineering.com\/en\/wp-json\/wp\/v2\/pages\/28350"}],"wp:attachment":[{"href":"https:\/\/berkinengineering.com\/en\/wp-json\/wp\/v2\/media?parent=26530"}],"curies":[{"name":"wp","href":"https:\/\/api.w.org\/{rel}","templated":true}]}}